{"id":2596,"date":"2023-02-15T16:07:36","date_gmt":"2023-02-15T15:07:36","guid":{"rendered":"https:\/\/www.club-ateliers-artistes.com\/?page_id=2596"},"modified":"2026-01-02T15:18:17","modified_gmt":"2026-01-02T14:18:17","slug":"formule-annuelle-petits-formats","status":"publish","type":"page","link":"https:\/\/www.club-ateliers-artistes.com\/?page_id=2596","title":{"rendered":"Formule Annuelle &#8211; Petits formats"},"content":{"rendered":"<p style=\"text-align: left;\" data-start=\"192\" data-end=\"510\">En p\u00e9riode d\u2019incertitude budg\u00e9taire, les <strong data-start=\"233\" data-end=\"251\">petits formats<\/strong> offrent une r\u00e9ponse concr\u00e8te : \u0153uvres accessibles, d\u00e9cisions d\u2019achat plus rapides, nouveaux collectionneurs.<br \/>\nLe <strong data-start=\"366\" data-end=\"398\">Club des Ateliers d\u2019Artistes<\/strong> d\u00e9veloppe des expositions d\u00e9di\u00e9es \u00e0 ces formats, pens\u00e9es pour <strong data-start=\"461\" data-end=\"509\">vendre sans renoncer \u00e0 l\u2019exigence artistique<\/strong>.<\/p>\n<p data-start=\"512\" data-end=\"550\">Nous accompagnons chaque artiste par :<\/p>\n<ul>\n<li data-start=\"553\" data-end=\"595\">des <strong data-start=\"557\" data-end=\"592\">prises de vues professionnelles<\/strong>,<\/li>\n<li data-start=\"598\" data-end=\"652\">une <strong data-start=\"602\" data-end=\"649\">pr\u00e9sentation soign\u00e9e en galerie et en salon<\/strong>,<\/li>\n<li data-start=\"655\" data-end=\"739\">des <strong data-start=\"659\" data-end=\"736\">textes de m\u00e9diation et, si n\u00e9cessaire, l\u2019intervention d\u2019un critique d\u2019art<\/strong>,<\/li>\n<li data-start=\"742\" data-end=\"798\">une <strong data-start=\"746\" data-end=\"797\">diffusion active en France et \u00e0 l\u2019international<\/strong>.<\/li>\n<\/ul>\n<p data-start=\"800\" data-end=\"937\">Ce travail est engag\u00e9 <strong data-start=\"822\" data-end=\"843\">avant toute vente<\/strong>. Il repose sur un mod\u00e8le solidaire : <strong data-start=\"881\" data-end=\"903\">cotisation mod\u00e9r\u00e9e<\/strong> et <strong data-start=\"907\" data-end=\"936\">commission limit\u00e9e \u00e0 15 %<\/strong>.<\/p>\n<p data-start=\"939\" data-end=\"1086\" data-is-last-node=\"\" data-is-only-node=\"\"><strong data-start=\"939\" data-end=\"1086\" data-is-last-node=\"\">Les petits formats ne sont pas un compromis : ils sont aujourd\u2019hui une strat\u00e9gie lucide pour continuer \u00e0 exposer, vendre et \u00e9largir son public.<\/strong><\/p>\n<p style=\"text-align: center;\"><img loading=\"lazy\" decoding=\"async\" class=\"aligncenter size-full wp-image-1577\" src=\"https:\/\/www.club-ateliers-artistes.com\/wp-content\/uploads\/2017\/03\/GalerieLaBaule.jpg\" alt=\"\" width=\"683\" height=\"168\" srcset=\"https:\/\/www.club-ateliers-artistes.com\/wp-content\/uploads\/2017\/03\/GalerieLaBaule.jpg 683w, https:\/\/www.club-ateliers-artistes.com\/wp-content\/uploads\/2017\/03\/GalerieLaBaule-300x74.jpg 300w\" sizes=\"auto, (max-width: 683px) 100vw, 683px\" \/><\/p>\n<p><img loading=\"lazy\" decoding=\"async\" class=\"alignnone size-full wp-image-2599\" src=\"https:\/\/www.club-ateliers-artistes.com\/wp-content\/uploads\/2023\/02\/PANNEAU-PF-02-2023.png\" alt=\"\" width=\"1024\" height=\"346\" srcset=\"https:\/\/www.club-ateliers-artistes.com\/wp-content\/uploads\/2023\/02\/PANNEAU-PF-02-2023.png 1024w, https:\/\/www.club-ateliers-artistes.com\/wp-content\/uploads\/2023\/02\/PANNEAU-PF-02-2023-300x101.png 300w, https:\/\/www.club-ateliers-artistes.com\/wp-content\/uploads\/2023\/02\/PANNEAU-PF-02-2023-768x260.png 768w\" sizes=\"auto, (max-width: 1024px) 100vw, 1024px\" \/><strong><br \/>\n<\/strong><strong>Pour recevoir un dossier d&rsquo;informations ainsi que les conditions d&rsquo;inscription pour notre formule annuelle, merci de remplir le formulaire ci-dessous.<\/strong><\/p>\n<p style=\"text-align: center;\">\n<!-- iframe plugin v.6.0 wordpress.org\/plugins\/iframe\/ -->\n<iframe loading=\"lazy\" width=\"600\" height=\"560\" src=\"https:\/\/www.club-ateliers-artistes.com\/wp-content\/uploads\/2023\/03\/form_Ann_PetitFormats.htm\" scrolling=\"yes\" class=\"iframe-class\" frameborder=\"0\"><\/iframe>\n<\/p>\n","protected":false},"excerpt":{"rendered":"<p>En p\u00e9riode d\u2019incertitude budg\u00e9taire, les petits formats offrent une r\u00e9ponse concr\u00e8te : \u0153uvres accessibles, d\u00e9cisions d\u2019achat plus rapides, nouveaux collectionneurs. Le Club des Ateliers d\u2019Artistes d\u00e9veloppe des expositions d\u00e9di\u00e9es \u00e0 ces formats, pens\u00e9es pour vendre sans renoncer \u00e0 l\u2019exigence artistique. &hellip; <a href=\"https:\/\/www.club-ateliers-artistes.com\/?page_id=2596\">Continuer la lecture <span class=\"meta-nav\">&rarr;<\/span><\/a><\/p>\n","protected":false},"author":5,"featured_media":0,"parent":0,"menu_order":0,"comment_status":"closed","ping_status":"closed","template":"","meta":{"footnotes":""},"class_list":["post-2596","page","type-page","status-publish","hentry"],"yoast_head":"<!-- This site is optimized with the Yoast SEO plugin v27.5 - https:\/\/yoast.com\/product\/yoast-seo-wordpress\/ -->\n<title>Formule Annuelle - Petits formats - Le Club des Ateliers d&#039;artistes<\/title>\n<meta name=\"robots\" content=\"index, follow, max-snippet:-1, max-image-preview:large, max-video-preview:-1\" \/>\n<link rel=\"canonical\" href=\"https:\/\/www.club-ateliers-artistes.com\/?page_id=2596\" \/>\n<meta property=\"og:locale\" content=\"fr_FR\" \/>\n<meta property=\"og:type\" content=\"article\" \/>\n<meta property=\"og:title\" content=\"Formule Annuelle - Petits formats - Le Club des Ateliers d&#039;artistes\" \/>\n<meta property=\"og:description\" content=\"En p\u00e9riode d\u2019incertitude budg\u00e9taire, les petits formats offrent une r\u00e9ponse concr\u00e8te : \u0153uvres accessibles, d\u00e9cisions d\u2019achat plus rapides, nouveaux collectionneurs. Le Club des Ateliers d\u2019Artistes d\u00e9veloppe des expositions d\u00e9di\u00e9es \u00e0 ces formats, pens\u00e9es pour vendre sans renoncer \u00e0 l\u2019exigence artistique. &hellip; Continuer la lecture &rarr;\" \/>\n<meta property=\"og:url\" content=\"https:\/\/www.club-ateliers-artistes.com\/?page_id=2596\" \/>\n<meta property=\"og:site_name\" content=\"Le Club des Ateliers d&#039;artistes\" \/>\n<meta property=\"article:modified_time\" content=\"2026-01-02T14:18:17+00:00\" \/>\n<meta property=\"og:image\" content=\"https:\/\/www.club-ateliers-artistes.com\/wp-content\/uploads\/2017\/03\/GalerieLaBaule.jpg\" \/>\n\t<meta property=\"og:image:width\" content=\"683\" \/>\n\t<meta property=\"og:image:height\" content=\"168\" \/>\n\t<meta property=\"og:image:type\" content=\"image\/jpeg\" \/>\n<meta name=\"twitter:card\" content=\"summary_large_image\" \/>\n<meta name=\"twitter:label1\" content=\"Dur\u00e9e de lecture estim\u00e9e\" \/>\n\t<meta name=\"twitter:data1\" content=\"2 minutes\" \/>\n<script type=\"application\/ld+json\" class=\"yoast-schema-graph\">{\"@context\":\"https:\\\/\\\/schema.org\",\"@graph\":[{\"@type\":\"WebPage\",\"@id\":\"https:\\\/\\\/www.club-ateliers-artistes.com\\\/?page_id=2596\",\"url\":\"https:\\\/\\\/www.club-ateliers-artistes.com\\\/?page_id=2596\",\"name\":\"Formule Annuelle - Petits formats - Le Club des Ateliers d&#039;artistes\",\"isPartOf\":{\"@id\":\"https:\\\/\\\/www.club-ateliers-artistes.com\\\/#website\"},\"primaryImageOfPage\":{\"@id\":\"https:\\\/\\\/www.club-ateliers-artistes.com\\\/?page_id=2596#primaryimage\"},\"image\":{\"@id\":\"https:\\\/\\\/www.club-ateliers-artistes.com\\\/?page_id=2596#primaryimage\"},\"thumbnailUrl\":\"https:\\\/\\\/www.club-ateliers-artistes.com\\\/wp-content\\\/uploads\\\/2017\\\/03\\\/GalerieLaBaule.jpg\",\"datePublished\":\"2023-02-15T15:07:36+00:00\",\"dateModified\":\"2026-01-02T14:18:17+00:00\",\"breadcrumb\":{\"@id\":\"https:\\\/\\\/www.club-ateliers-artistes.com\\\/?page_id=2596#breadcrumb\"},\"inLanguage\":\"fr-FR\",\"potentialAction\":[{\"@type\":\"ReadAction\",\"target\":[\"https:\\\/\\\/www.club-ateliers-artistes.com\\\/?page_id=2596\"]}]},{\"@type\":\"ImageObject\",\"inLanguage\":\"fr-FR\",\"@id\":\"https:\\\/\\\/www.club-ateliers-artistes.com\\\/?page_id=2596#primaryimage\",\"url\":\"https:\\\/\\\/www.club-ateliers-artistes.com\\\/wp-content\\\/uploads\\\/2017\\\/03\\\/GalerieLaBaule.jpg\",\"contentUrl\":\"https:\\\/\\\/www.club-ateliers-artistes.com\\\/wp-content\\\/uploads\\\/2017\\\/03\\\/GalerieLaBaule.jpg\",\"width\":683,\"height\":168},{\"@type\":\"BreadcrumbList\",\"@id\":\"https:\\\/\\\/www.club-ateliers-artistes.com\\\/?page_id=2596#breadcrumb\",\"itemListElement\":[{\"@type\":\"ListItem\",\"position\":1,\"name\":\"Accueil\",\"item\":\"https:\\\/\\\/www.club-ateliers-artistes.com\\\/\"},{\"@type\":\"ListItem\",\"position\":2,\"name\":\"Formule Annuelle &#8211; Petits formats\"}]},{\"@type\":\"WebSite\",\"@id\":\"https:\\\/\\\/www.club-ateliers-artistes.com\\\/#website\",\"url\":\"https:\\\/\\\/www.club-ateliers-artistes.com\\\/\",\"name\":\"Le Club des Ateliers d&#039;artistes\",\"description\":\"Les Expositions Abordables\",\"potentialAction\":[{\"@type\":\"SearchAction\",\"target\":{\"@type\":\"EntryPoint\",\"urlTemplate\":\"https:\\\/\\\/www.club-ateliers-artistes.com\\\/?s={search_term_string}\"},\"query-input\":{\"@type\":\"PropertyValueSpecification\",\"valueRequired\":true,\"valueName\":\"search_term_string\"}}],\"inLanguage\":\"fr-FR\"}]}<\/script>\n<!-- \/ Yoast SEO plugin. -->","yoast_head_json":{"title":"Formule Annuelle - Petits formats - Le Club des Ateliers d&#039;artistes","robots":{"index":"index","follow":"follow","max-snippet":"max-snippet:-1","max-image-preview":"max-image-preview:large","max-video-preview":"max-video-preview:-1"},"canonical":"https:\/\/www.club-ateliers-artistes.com\/?page_id=2596","og_locale":"fr_FR","og_type":"article","og_title":"Formule Annuelle - Petits formats - Le Club des Ateliers d&#039;artistes","og_description":"En p\u00e9riode d\u2019incertitude budg\u00e9taire, les petits formats offrent une r\u00e9ponse concr\u00e8te : \u0153uvres accessibles, d\u00e9cisions d\u2019achat plus rapides, nouveaux collectionneurs. Le Club des Ateliers d\u2019Artistes d\u00e9veloppe des expositions d\u00e9di\u00e9es \u00e0 ces formats, pens\u00e9es pour vendre sans renoncer \u00e0 l\u2019exigence artistique. &hellip; Continuer la lecture &rarr;","og_url":"https:\/\/www.club-ateliers-artistes.com\/?page_id=2596","og_site_name":"Le Club des Ateliers d&#039;artistes","article_modified_time":"2026-01-02T14:18:17+00:00","og_image":[{"width":683,"height":168,"url":"https:\/\/www.club-ateliers-artistes.com\/wp-content\/uploads\/2017\/03\/GalerieLaBaule.jpg","type":"image\/jpeg"}],"twitter_card":"summary_large_image","twitter_misc":{"Dur\u00e9e de lecture estim\u00e9e":"2 minutes"},"schema":{"@context":"https:\/\/schema.org","@graph":[{"@type":"WebPage","@id":"https:\/\/www.club-ateliers-artistes.com\/?page_id=2596","url":"https:\/\/www.club-ateliers-artistes.com\/?page_id=2596","name":"Formule Annuelle - Petits formats - Le Club des Ateliers d&#039;artistes","isPartOf":{"@id":"https:\/\/www.club-ateliers-artistes.com\/#website"},"primaryImageOfPage":{"@id":"https:\/\/www.club-ateliers-artistes.com\/?page_id=2596#primaryimage"},"image":{"@id":"https:\/\/www.club-ateliers-artistes.com\/?page_id=2596#primaryimage"},"thumbnailUrl":"https:\/\/www.club-ateliers-artistes.com\/wp-content\/uploads\/2017\/03\/GalerieLaBaule.jpg","datePublished":"2023-02-15T15:07:36+00:00","dateModified":"2026-01-02T14:18:17+00:00","breadcrumb":{"@id":"https:\/\/www.club-ateliers-artistes.com\/?page_id=2596#breadcrumb"},"inLanguage":"fr-FR","potentialAction":[{"@type":"ReadAction","target":["https:\/\/www.club-ateliers-artistes.com\/?page_id=2596"]}]},{"@type":"ImageObject","inLanguage":"fr-FR","@id":"https:\/\/www.club-ateliers-artistes.com\/?page_id=2596#primaryimage","url":"https:\/\/www.club-ateliers-artistes.com\/wp-content\/uploads\/2017\/03\/GalerieLaBaule.jpg","contentUrl":"https:\/\/www.club-ateliers-artistes.com\/wp-content\/uploads\/2017\/03\/GalerieLaBaule.jpg","width":683,"height":168},{"@type":"BreadcrumbList","@id":"https:\/\/www.club-ateliers-artistes.com\/?page_id=2596#breadcrumb","itemListElement":[{"@type":"ListItem","position":1,"name":"Accueil","item":"https:\/\/www.club-ateliers-artistes.com\/"},{"@type":"ListItem","position":2,"name":"Formule Annuelle &#8211; Petits formats"}]},{"@type":"WebSite","@id":"https:\/\/www.club-ateliers-artistes.com\/#website","url":"https:\/\/www.club-ateliers-artistes.com\/","name":"Le Club des Ateliers d&#039;artistes","description":"Les Expositions Abordables","potentialAction":[{"@type":"SearchAction","target":{"@type":"EntryPoint","urlTemplate":"https:\/\/www.club-ateliers-artistes.com\/?s={search_term_string}"},"query-input":{"@type":"PropertyValueSpecification","valueRequired":true,"valueName":"search_term_string"}}],"inLanguage":"fr-FR"}]}},"_links":{"self":[{"href":"https:\/\/www.club-ateliers-artistes.com\/index.php?rest_route=\/wp\/v2\/pages\/2596","targetHints":{"allow":["GET"]}}],"collection":[{"href":"https:\/\/www.club-ateliers-artistes.com\/index.php?rest_route=\/wp\/v2\/pages"}],"about":[{"href":"https:\/\/www.club-ateliers-artistes.com\/index.php?rest_route=\/wp\/v2\/types\/page"}],"author":[{"embeddable":true,"href":"https:\/\/www.club-ateliers-artistes.com\/index.php?rest_route=\/wp\/v2\/users\/5"}],"replies":[{"embeddable":true,"href":"https:\/\/www.club-ateliers-artistes.com\/index.php?rest_route=%2Fwp%2Fv2%2Fcomments&post=2596"}],"version-history":[{"count":11,"href":"https:\/\/www.club-ateliers-artistes.com\/index.php?rest_route=\/wp\/v2\/pages\/2596\/revisions"}],"predecessor-version":[{"id":2751,"href":"https:\/\/www.club-ateliers-artistes.com\/index.php?rest_route=\/wp\/v2\/pages\/2596\/revisions\/2751"}],"wp:attachment":[{"href":"https:\/\/www.club-ateliers-artistes.com\/index.php?rest_route=%2Fwp%2Fv2%2Fmedia&parent=2596"}],"curies":[{"name":"wp","href":"https:\/\/api.w.org\/{rel}","templated":true}]}}