{"id":2211,"date":"2018-02-12T10:45:28","date_gmt":"2018-02-12T09:45:28","guid":{"rendered":"http:\/\/www.club-ateliers-artistes.com\/?page_id=2211"},"modified":"2026-04-08T14:13:02","modified_gmt":"2026-04-08T13:13:02","slug":"la-nuit-blanche-des-galeries-de-la-baule","status":"publish","type":"page","link":"https:\/\/www.club-ateliers-artistes.com\/?page_id=2211","title":{"rendered":"Nuit Blanche des Galeries de la Baule"},"content":{"rendered":"<h3 style=\"text-align: left;\" align=\"center\">Exposez avec le Club des Ateliers d&rsquo;Artistes &#8211; \u00ab\u00a0Nuit Blanche\u00a0\u00bb\u00a0 en Ao\u00fbt 2026<\/h3>\n<p style=\"text-align: justify;\" align=\"center\">Devant le succ\u00e8s rencontr\u00e9 par la formule des \u00ab\u00a0Nuit Blanche des Galeries\u00a0\u00bb, organis\u00e9e tous les ans depuis 2015, la Mairie de La Baule a d\u00e9cid\u00e9 cette ann\u00e9e d&rsquo;organiser une nouvelle Nuit Blanche en ao\u00fbt 2026.<\/p>\n<p align=\"justify\">Le Club des Ateliers d&rsquo;Artistes organise une exposition de deux semaines du 1er au 13 ao\u00fbt 2026 avec la Nuit Blanche des galeries planifi\u00e9e le 8 ao\u00fbt de 10h30 \u00e0 minuit.<\/p>\n<p align=\"justify\">Le Club des Ateliers d\u2019Artistes anime une galerie de 300 m2 situ\u00e9e au 140 Avenue du G\u00e9n\u00e9ral de Gaulle, qui est la grande art\u00e8re commer\u00e7ante de La Baule. Nous attendons quotidiennement plus de 300 visiteurs pendant cette p\u00e9riode avec un pic mesur\u00e9 \u00e0 740 visiteurs le jour de la nuit blanche 2017.<\/p>\n<p style=\"text-align: center;\" align=\"justify\"><span style=\"text-decoration: underline;\"><span style=\"color: #ff0000;\"><strong><a style=\"color: #ff0000; text-decoration: underline;\" href=\"https:\/\/www.club-ateliers-artistes.com\/?page_id=2148\">cliquez ici pour d\u00e9couvrir une vid\u00e9o du Concept Store Gallery de La Baule.<\/a><\/strong><\/span><\/span><\/p>\n<p style=\"text-align: center;\"><span style=\"color: #ff0000;\"><strong><img loading=\"lazy\" decoding=\"async\" class=\"alignnone size-full wp-image-2767\" src=\"https:\/\/www.club-ateliers-artistes.com\/wp-content\/uploads\/2026\/04\/Nuitblanche-galeries2026.jpg\" alt=\"\" width=\"690\" height=\"324\" srcset=\"https:\/\/www.club-ateliers-artistes.com\/wp-content\/uploads\/2026\/04\/Nuitblanche-galeries2026.jpg 690w, https:\/\/www.club-ateliers-artistes.com\/wp-content\/uploads\/2026\/04\/Nuitblanche-galeries2026-300x141.jpg 300w\" sizes=\"auto, (max-width: 690px) 100vw, 690px\" \/><br \/>\n<img loading=\"lazy\" decoding=\"async\" class=\"aligncenter size-full wp-image-1577\" src=\"https:\/\/www.club-ateliers-artistes.com\/wp-content\/uploads\/2017\/03\/GalerieLaBaule.jpg\" alt=\"\" width=\"683\" height=\"168\" srcset=\"https:\/\/www.club-ateliers-artistes.com\/wp-content\/uploads\/2017\/03\/GalerieLaBaule.jpg 683w, https:\/\/www.club-ateliers-artistes.com\/wp-content\/uploads\/2017\/03\/GalerieLaBaule-300x74.jpg 300w\" sizes=\"auto, (max-width: 683px) 100vw, 683px\" \/><\/strong><\/span><\/p>\n<p style=\"text-align: justify;\"><span style=\"color: #ff0000;\"><span style=\"color: #000000;\">Nous vous proposons une exposition de deux semaines en ao\u00fbt, afin de profiter pleinement de cet \u00e9v\u00e8nement. Vous pourrez pr\u00e9senter entre 6 et 10 oeuvres selon la formule choisie.<\/span><\/span><\/p>\n<p style=\"text-align: justify;\"><span style=\"color: #000000;\">Le Club des Ateliers d&rsquo;Artistes se charge de l&rsquo;accrochage et de l&rsquo;animation de l&rsquo;exposition, ainsi que, si vous le souhaitez, de l&rsquo;acheminement des oeuvres de Paris \u00e0 La Baule. La pr\u00e9sence des artistes n&rsquo;est pas obligatoire pendant toute la dur\u00e9e de l&rsquo;exposition. Appelez-nous pour l&rsquo;organisation pratique de votre voyage au 06 80 91 48 09.<strong><br \/>\n<\/strong><\/span><span style=\"color: #ff0000;\"><strong><br \/>\n<\/strong><\/span><strong>Pour recevoir un dossier d&rsquo;informations ainsi que les conditions d&rsquo;inscription pour participer \u00e0 la Nuit Blanche des Galeries de La Baule, merci de remplir le formulaire ci-dessous.<\/strong><\/p>\n<p style=\"text-align: center;\">\n<!-- iframe plugin v.6.0 wordpress.org\/plugins\/iframe\/ -->\n<iframe loading=\"lazy\" width=\"600\" height=\"560\" src=\"https:\/\/www.club-ateliers-artistes.com\/forms\/form_NuitLaBaule.htm\" scrolling=\"yes\" class=\"iframe-class\" frameborder=\"0\"><\/iframe>\n<\/p>\n","protected":false},"excerpt":{"rendered":"<p>Exposez avec le Club des Ateliers d&rsquo;Artistes &#8211; \u00ab\u00a0Nuit Blanche\u00a0\u00bb\u00a0 en Ao\u00fbt 2026 Devant le succ\u00e8s rencontr\u00e9 par la formule des \u00ab\u00a0Nuit Blanche des Galeries\u00a0\u00bb, organis\u00e9e tous les ans depuis 2015, la Mairie de La Baule a d\u00e9cid\u00e9 cette ann\u00e9e &hellip; <a href=\"https:\/\/www.club-ateliers-artistes.com\/?page_id=2211\">Continuer la lecture <span class=\"meta-nav\">&rarr;<\/span><\/a><\/p>\n","protected":false},"author":6,"featured_media":0,"parent":0,"menu_order":0,"comment_status":"closed","ping_status":"closed","template":"","meta":{"footnotes":""},"class_list":["post-2211","page","type-page","status-publish","hentry"],"yoast_head":"<!-- This site is optimized with the Yoast SEO plugin v27.4 - https:\/\/yoast.com\/product\/yoast-seo-wordpress\/ -->\n<title>Nuit Blanche des Galeries de la Baule - Le Club des Ateliers d&#039;artistes<\/title>\n<meta name=\"robots\" content=\"index, follow, max-snippet:-1, max-image-preview:large, max-video-preview:-1\" \/>\n<link rel=\"canonical\" href=\"https:\/\/www.club-ateliers-artistes.com\/?page_id=2211\" \/>\n<meta property=\"og:locale\" content=\"fr_FR\" \/>\n<meta property=\"og:type\" content=\"article\" \/>\n<meta property=\"og:title\" content=\"Nuit Blanche des Galeries de la Baule - Le Club des Ateliers d&#039;artistes\" \/>\n<meta property=\"og:description\" content=\"Exposez avec le Club des Ateliers d&rsquo;Artistes &#8211; \u00ab\u00a0Nuit Blanche\u00a0\u00bb\u00a0 en Ao\u00fbt 2026 Devant le succ\u00e8s rencontr\u00e9 par la formule des \u00ab\u00a0Nuit Blanche des Galeries\u00a0\u00bb, organis\u00e9e tous les ans depuis 2015, la Mairie de La Baule a d\u00e9cid\u00e9 cette ann\u00e9e &hellip; Continuer la lecture &rarr;\" \/>\n<meta property=\"og:url\" content=\"https:\/\/www.club-ateliers-artistes.com\/?page_id=2211\" \/>\n<meta property=\"og:site_name\" content=\"Le Club des Ateliers d&#039;artistes\" \/>\n<meta property=\"article:modified_time\" content=\"2026-04-08T13:13:02+00:00\" \/>\n<meta property=\"og:image\" content=\"https:\/\/www.club-ateliers-artistes.com\/wp-content\/uploads\/2026\/04\/Nuitblanche-galeries2026.jpg\" \/>\n\t<meta property=\"og:image:width\" content=\"690\" \/>\n\t<meta property=\"og:image:height\" content=\"324\" \/>\n\t<meta property=\"og:image:type\" content=\"image\/jpeg\" \/>\n<meta name=\"twitter:card\" content=\"summary_large_image\" \/>\n<meta name=\"twitter:label1\" content=\"Dur\u00e9e de lecture estim\u00e9e\" \/>\n\t<meta name=\"twitter:data1\" content=\"2 minutes\" \/>\n<script type=\"application\/ld+json\" class=\"yoast-schema-graph\">{\"@context\":\"https:\\\/\\\/schema.org\",\"@graph\":[{\"@type\":\"WebPage\",\"@id\":\"https:\\\/\\\/www.club-ateliers-artistes.com\\\/?page_id=2211\",\"url\":\"https:\\\/\\\/www.club-ateliers-artistes.com\\\/?page_id=2211\",\"name\":\"Nuit Blanche des Galeries de la Baule - Le Club des Ateliers d&#039;artistes\",\"isPartOf\":{\"@id\":\"https:\\\/\\\/www.club-ateliers-artistes.com\\\/#website\"},\"primaryImageOfPage\":{\"@id\":\"https:\\\/\\\/www.club-ateliers-artistes.com\\\/?page_id=2211#primaryimage\"},\"image\":{\"@id\":\"https:\\\/\\\/www.club-ateliers-artistes.com\\\/?page_id=2211#primaryimage\"},\"thumbnailUrl\":\"https:\\\/\\\/www.club-ateliers-artistes.com\\\/wp-content\\\/uploads\\\/2026\\\/04\\\/Nuitblanche-galeries2026.jpg\",\"datePublished\":\"2018-02-12T09:45:28+00:00\",\"dateModified\":\"2026-04-08T13:13:02+00:00\",\"breadcrumb\":{\"@id\":\"https:\\\/\\\/www.club-ateliers-artistes.com\\\/?page_id=2211#breadcrumb\"},\"inLanguage\":\"fr-FR\",\"potentialAction\":[{\"@type\":\"ReadAction\",\"target\":[\"https:\\\/\\\/www.club-ateliers-artistes.com\\\/?page_id=2211\"]}]},{\"@type\":\"ImageObject\",\"inLanguage\":\"fr-FR\",\"@id\":\"https:\\\/\\\/www.club-ateliers-artistes.com\\\/?page_id=2211#primaryimage\",\"url\":\"https:\\\/\\\/www.club-ateliers-artistes.com\\\/wp-content\\\/uploads\\\/2026\\\/04\\\/Nuitblanche-galeries2026.jpg\",\"contentUrl\":\"https:\\\/\\\/www.club-ateliers-artistes.com\\\/wp-content\\\/uploads\\\/2026\\\/04\\\/Nuitblanche-galeries2026.jpg\",\"width\":690,\"height\":324},{\"@type\":\"BreadcrumbList\",\"@id\":\"https:\\\/\\\/www.club-ateliers-artistes.com\\\/?page_id=2211#breadcrumb\",\"itemListElement\":[{\"@type\":\"ListItem\",\"position\":1,\"name\":\"Accueil\",\"item\":\"https:\\\/\\\/www.club-ateliers-artistes.com\\\/\"},{\"@type\":\"ListItem\",\"position\":2,\"name\":\"Nuit Blanche des Galeries de la Baule\"}]},{\"@type\":\"WebSite\",\"@id\":\"https:\\\/\\\/www.club-ateliers-artistes.com\\\/#website\",\"url\":\"https:\\\/\\\/www.club-ateliers-artistes.com\\\/\",\"name\":\"Le Club des Ateliers d&#039;artistes\",\"description\":\"Les Expositions Abordables\",\"potentialAction\":[{\"@type\":\"SearchAction\",\"target\":{\"@type\":\"EntryPoint\",\"urlTemplate\":\"https:\\\/\\\/www.club-ateliers-artistes.com\\\/?s={search_term_string}\"},\"query-input\":{\"@type\":\"PropertyValueSpecification\",\"valueRequired\":true,\"valueName\":\"search_term_string\"}}],\"inLanguage\":\"fr-FR\"}]}<\/script>\n<!-- \/ Yoast SEO plugin. -->","yoast_head_json":{"title":"Nuit Blanche des Galeries de la Baule - Le Club des Ateliers d&#039;artistes","robots":{"index":"index","follow":"follow","max-snippet":"max-snippet:-1","max-image-preview":"max-image-preview:large","max-video-preview":"max-video-preview:-1"},"canonical":"https:\/\/www.club-ateliers-artistes.com\/?page_id=2211","og_locale":"fr_FR","og_type":"article","og_title":"Nuit Blanche des Galeries de la Baule - Le Club des Ateliers d&#039;artistes","og_description":"Exposez avec le Club des Ateliers d&rsquo;Artistes &#8211; \u00ab\u00a0Nuit Blanche\u00a0\u00bb\u00a0 en Ao\u00fbt 2026 Devant le succ\u00e8s rencontr\u00e9 par la formule des \u00ab\u00a0Nuit Blanche des Galeries\u00a0\u00bb, organis\u00e9e tous les ans depuis 2015, la Mairie de La Baule a d\u00e9cid\u00e9 cette ann\u00e9e &hellip; Continuer la lecture &rarr;","og_url":"https:\/\/www.club-ateliers-artistes.com\/?page_id=2211","og_site_name":"Le Club des Ateliers d&#039;artistes","article_modified_time":"2026-04-08T13:13:02+00:00","og_image":[{"width":690,"height":324,"url":"https:\/\/www.club-ateliers-artistes.com\/wp-content\/uploads\/2026\/04\/Nuitblanche-galeries2026.jpg","type":"image\/jpeg"}],"twitter_card":"summary_large_image","twitter_misc":{"Dur\u00e9e de lecture estim\u00e9e":"2 minutes"},"schema":{"@context":"https:\/\/schema.org","@graph":[{"@type":"WebPage","@id":"https:\/\/www.club-ateliers-artistes.com\/?page_id=2211","url":"https:\/\/www.club-ateliers-artistes.com\/?page_id=2211","name":"Nuit Blanche des Galeries de la Baule - Le Club des Ateliers d&#039;artistes","isPartOf":{"@id":"https:\/\/www.club-ateliers-artistes.com\/#website"},"primaryImageOfPage":{"@id":"https:\/\/www.club-ateliers-artistes.com\/?page_id=2211#primaryimage"},"image":{"@id":"https:\/\/www.club-ateliers-artistes.com\/?page_id=2211#primaryimage"},"thumbnailUrl":"https:\/\/www.club-ateliers-artistes.com\/wp-content\/uploads\/2026\/04\/Nuitblanche-galeries2026.jpg","datePublished":"2018-02-12T09:45:28+00:00","dateModified":"2026-04-08T13:13:02+00:00","breadcrumb":{"@id":"https:\/\/www.club-ateliers-artistes.com\/?page_id=2211#breadcrumb"},"inLanguage":"fr-FR","potentialAction":[{"@type":"ReadAction","target":["https:\/\/www.club-ateliers-artistes.com\/?page_id=2211"]}]},{"@type":"ImageObject","inLanguage":"fr-FR","@id":"https:\/\/www.club-ateliers-artistes.com\/?page_id=2211#primaryimage","url":"https:\/\/www.club-ateliers-artistes.com\/wp-content\/uploads\/2026\/04\/Nuitblanche-galeries2026.jpg","contentUrl":"https:\/\/www.club-ateliers-artistes.com\/wp-content\/uploads\/2026\/04\/Nuitblanche-galeries2026.jpg","width":690,"height":324},{"@type":"BreadcrumbList","@id":"https:\/\/www.club-ateliers-artistes.com\/?page_id=2211#breadcrumb","itemListElement":[{"@type":"ListItem","position":1,"name":"Accueil","item":"https:\/\/www.club-ateliers-artistes.com\/"},{"@type":"ListItem","position":2,"name":"Nuit Blanche des Galeries de la Baule"}]},{"@type":"WebSite","@id":"https:\/\/www.club-ateliers-artistes.com\/#website","url":"https:\/\/www.club-ateliers-artistes.com\/","name":"Le Club des Ateliers d&#039;artistes","description":"Les Expositions Abordables","potentialAction":[{"@type":"SearchAction","target":{"@type":"EntryPoint","urlTemplate":"https:\/\/www.club-ateliers-artistes.com\/?s={search_term_string}"},"query-input":{"@type":"PropertyValueSpecification","valueRequired":true,"valueName":"search_term_string"}}],"inLanguage":"fr-FR"}]}},"_links":{"self":[{"href":"https:\/\/www.club-ateliers-artistes.com\/index.php?rest_route=\/wp\/v2\/pages\/2211","targetHints":{"allow":["GET"]}}],"collection":[{"href":"https:\/\/www.club-ateliers-artistes.com\/index.php?rest_route=\/wp\/v2\/pages"}],"about":[{"href":"https:\/\/www.club-ateliers-artistes.com\/index.php?rest_route=\/wp\/v2\/types\/page"}],"author":[{"embeddable":true,"href":"https:\/\/www.club-ateliers-artistes.com\/index.php?rest_route=\/wp\/v2\/users\/6"}],"replies":[{"embeddable":true,"href":"https:\/\/www.club-ateliers-artistes.com\/index.php?rest_route=%2Fwp%2Fv2%2Fcomments&post=2211"}],"version-history":[{"count":38,"href":"https:\/\/www.club-ateliers-artistes.com\/index.php?rest_route=\/wp\/v2\/pages\/2211\/revisions"}],"predecessor-version":[{"id":2768,"href":"https:\/\/www.club-ateliers-artistes.com\/index.php?rest_route=\/wp\/v2\/pages\/2211\/revisions\/2768"}],"wp:attachment":[{"href":"https:\/\/www.club-ateliers-artistes.com\/index.php?rest_route=%2Fwp%2Fv2%2Fmedia&parent=2211"}],"curies":[{"name":"wp","href":"https:\/\/api.w.org\/{rel}","templated":true}]}}