{"id":2,"date":"2015-07-23T18:28:18","date_gmt":"2015-07-23T17:28:18","guid":{"rendered":"http:\/\/www.club-ateliers-artistes.com\/?page_id=2"},"modified":"2026-01-02T15:24:56","modified_gmt":"2026-01-02T14:24:56","slug":"page-d-exemple","status":"publish","type":"page","link":"https:\/\/www.club-ateliers-artistes.com\/","title":{"rendered":"De l\u2019exposition ponctuelle \u00e0 la Galerie Permanente"},"content":{"rendered":"<h3><strong>Le Club des Ateliers d\u2019Artistes poursuit depuis dix ans un grand projet\u00a0<\/strong><\/h3>\n<p style=\"text-align: justify;\">Le Club des Ateliers d&rsquo;Artistes c&rsquo;est une galerie et une \u00e9quipe \u00e0 la disposition des artistes qui souhaitent accro\u00eetre leur visibilit\u00e9 et assurer leur promotion dans les meilleures conditions.<\/p>\n<p style=\"text-align: justify;\">Le Club a \u00e9t\u00e9 cr\u00e9\u00e9 voici presque 10 ans, \u00e0 l&rsquo;initiative d&rsquo;un groupe d&rsquo;artistes plasticiens qui souhaitaient rompre avec la solitude ressentie du fond de leur atelier.<\/p>\n<p style=\"text-align: justify;\">Le Club c&rsquo;est avant tout un principe de partage et d&rsquo;\u00e9changes pour aborder les diff\u00e9rentes \u00e9tapes de la vente des oeuvres et de l&rsquo;am\u00e9lioration de la visibilit\u00e9 et de la notori\u00e9t\u00e9 de chacun. Nous mettons ainsi \u00e0 la disposition de tous :<\/p>\n<p style=\"text-align: justify;\">&#8211; Un lieu d&rsquo;exposition de 300 m2, situ\u00e9 id\u00e9alement dans la grande art\u00e8re commer\u00e7ante de la Baule, qui re\u00e7oit du public en toutes saisons (plus de 23.200 visiteurs en 2025).<\/p>\n<p style=\"text-align: justify;\">&#8211; Une \u00e9quipe de professionnels de l&rsquo;art, du commerce et de l&rsquo;Internet pour assurer un r\u00f4le actif aupr\u00e8s de nos membres, pour l&rsquo;animation de la galerie, la prise de vue des oeuvres, leur installation sur internet et des missions de conseils en tout genre, comme la r\u00e9daction d&rsquo;une critique d&rsquo;art ou le choix du bon statut fiscal selon les situations.<\/p>\n<p>-L&rsquo;acc\u00e8s des des sites de vente en ligne comme Artsper.com qui repr\u00e9sente aujourd&rsquo;hui plus 60 % de nos ventes d&rsquo;oeuvres, principalement r\u00e9alis\u00e9es \u00e0 l&rsquo;\u00e9tranger.<\/p>\n<p><strong><img loading=\"lazy\" decoding=\"async\" class=\"aligncenter size-full wp-image-1575\" src=\"https:\/\/www.club-ateliers-artistes.com\/wp-content\/uploads\/2017\/01\/GalerieLaBaule.jpg\" alt=\"\" width=\"683\" height=\"168\" srcset=\"https:\/\/www.club-ateliers-artistes.com\/wp-content\/uploads\/2017\/01\/GalerieLaBaule.jpg 683w, https:\/\/www.club-ateliers-artistes.com\/wp-content\/uploads\/2017\/01\/GalerieLaBaule-300x74.jpg 300w\" sizes=\"auto, (max-width: 683px) 100vw, 683px\" \/><\/strong><\/p>\n<p style=\"text-align: justify;\">Le Club fonctionne sur le principe du partage des risques avec les artistes. Une commission de 15% est per\u00e7ue sur la vente des oeuvres, afin de r\u00e9mun\u00e9rer le personnel qui anime la galerie, et d&rsquo;une cotisation mensuelle pour les artistes pour faire face aux charges fixes de fonctionnement du lieu d&rsquo;exposition.<\/p>\n<p style=\"text-align: justify;\">Ainsi, une ann\u00e9e compl\u00e8te de collaboration co\u00fbte moins chez qu&rsquo;un Week-End sur un salon tel que Art3F, le Sm&rsquo;Art ou Art Shopping&#8230;<\/p>\n<p style=\"text-align: justify;\"><strong style=\"font-size: 1.4em;\">Choisissez la formule qui vous convient<\/strong><\/p>\n<p style=\"text-align: justify;\">Choisissez l&rsquo;une des\u00a0 <span style=\"color: #ff0000;\"><a style=\"color: #ff0000;\" href=\"https:\/\/www.club-ateliers-artistes.com\/?page_id=1795\">formules annualis\u00e9es<\/a><\/span>, qui vous donnent l&rsquo;acc\u00e8s \u00e0 la galerie pour une p\u00e9riode minimale de un an, pour un meilleur suivi de la client\u00e8le et un travail en profondeur sur votre d\u00e9marche.<\/p>\n<hr \/>\n<p style=\"text-align: center;\"><strong><span style=\"color: #ff0000;\"><a style=\"color: #ff0000;\" href=\"https:\/\/www.club-ateliers-artistes.com\/?page_id=2148\">La galerie de la Baule en vid\u00e9o<\/a><\/span><\/strong><\/p>\n<hr \/>\n<h2 style=\"text-align: center;\">Lire l&rsquo;article paru dans \u00ab\u00a0Pratique des Arts\u00a0\u00bb janvier 2023<\/h2>\n<p style=\"text-align: center;\"><a href=\"https:\/\/www.club-ateliers-artistes.com\/wp-content\/uploads\/2023\/01\/ARTICLE-PRATIQUE-DES-ARTS-01-2023.pdf\"><img loading=\"lazy\" decoding=\"async\" class=\"alignnone wp-image-2587\" src=\"https:\/\/www.club-ateliers-artistes.com\/wp-content\/uploads\/2023\/01\/PratiqueDA2023.png\" alt=\"\" width=\"265\" height=\"354\" srcset=\"https:\/\/www.club-ateliers-artistes.com\/wp-content\/uploads\/2023\/01\/PratiqueDA2023.png 608w, https:\/\/www.club-ateliers-artistes.com\/wp-content\/uploads\/2023\/01\/PratiqueDA2023-225x300.png 225w\" sizes=\"auto, (max-width: 265px) 100vw, 265px\" \/><\/a><\/p>\n<p style=\"text-align: center;\"><span style=\"color: #ff0000;\"><strong><a style=\"color: #ff0000;\" href=\"https:\/\/www.club-ateliers-artistes.com\/wp-content\/uploads\/2023\/01\/ARTICLE-PRATIQUE-DES-ARTS-01-2023.pdf\">&gt;&gt;T\u00e9l\u00e9charger l&rsquo;article&lt;&lt;<\/a><\/strong><\/span><\/p>\n","protected":false},"excerpt":{"rendered":"<p>Le Club des Ateliers d\u2019Artistes poursuit depuis dix ans un grand projet\u00a0 Le Club des Ateliers d&rsquo;Artistes c&rsquo;est une galerie et une \u00e9quipe \u00e0 la disposition des artistes qui souhaitent accro\u00eetre leur visibilit\u00e9 et assurer leur promotion dans les meilleures &hellip; <a href=\"https:\/\/www.club-ateliers-artistes.com\/\">Continuer la lecture <span class=\"meta-nav\">&rarr;<\/span><\/a><\/p>\n","protected":false},"author":5,"featured_media":0,"parent":0,"menu_order":0,"comment_status":"open","ping_status":"open","template":"","meta":{"footnotes":""},"class_list":["post-2","page","type-page","status-publish","hentry"],"yoast_head":"<!-- This site is optimized with the Yoast SEO plugin v27.6 - https:\/\/yoast.com\/product\/yoast-seo-wordpress\/ -->\n<title>De l\u2019exposition ponctuelle \u00e0 la Galerie Permanente - Le Club des Ateliers d&#039;artistes<\/title>\n<meta name=\"robots\" content=\"index, follow, max-snippet:-1, max-image-preview:large, max-video-preview:-1\" \/>\n<link rel=\"canonical\" href=\"https:\/\/www.club-ateliers-artistes.com\/\" \/>\n<meta property=\"og:locale\" content=\"fr_FR\" \/>\n<meta property=\"og:type\" content=\"article\" \/>\n<meta property=\"og:title\" content=\"De l\u2019exposition ponctuelle \u00e0 la Galerie Permanente - Le Club des Ateliers d&#039;artistes\" \/>\n<meta property=\"og:description\" content=\"Le Club des Ateliers d\u2019Artistes poursuit depuis dix ans un grand projet\u00a0 Le Club des Ateliers d&rsquo;Artistes c&rsquo;est une galerie et une \u00e9quipe \u00e0 la disposition des artistes qui souhaitent accro\u00eetre leur visibilit\u00e9 et assurer leur promotion dans les meilleures &hellip; Continuer la lecture &rarr;\" \/>\n<meta property=\"og:url\" content=\"https:\/\/www.club-ateliers-artistes.com\/\" \/>\n<meta property=\"og:site_name\" content=\"Le Club des Ateliers d&#039;artistes\" \/>\n<meta property=\"article:modified_time\" content=\"2026-01-02T14:24:56+00:00\" \/>\n<meta property=\"og:image\" content=\"https:\/\/www.club-ateliers-artistes.com\/wp-content\/uploads\/2017\/01\/GalerieLaBaule.jpg\" \/>\n\t<meta property=\"og:image:width\" content=\"683\" \/>\n\t<meta property=\"og:image:height\" content=\"168\" \/>\n\t<meta property=\"og:image:type\" content=\"image\/jpeg\" \/>\n<meta name=\"twitter:card\" content=\"summary_large_image\" \/>\n<meta name=\"twitter:label1\" content=\"Dur\u00e9e de lecture estim\u00e9e\" \/>\n\t<meta name=\"twitter:data1\" content=\"3 minutes\" \/>\n<script type=\"application\/ld+json\" class=\"yoast-schema-graph\">{\"@context\":\"https:\\\/\\\/schema.org\",\"@graph\":[{\"@type\":\"WebPage\",\"@id\":\"https:\\\/\\\/www.club-ateliers-artistes.com\\\/\",\"url\":\"https:\\\/\\\/www.club-ateliers-artistes.com\\\/\",\"name\":\"De l\u2019exposition ponctuelle \u00e0 la Galerie Permanente - Le Club des Ateliers d&#039;artistes\",\"isPartOf\":{\"@id\":\"https:\\\/\\\/www.club-ateliers-artistes.com\\\/#website\"},\"primaryImageOfPage\":{\"@id\":\"https:\\\/\\\/www.club-ateliers-artistes.com\\\/#primaryimage\"},\"image\":{\"@id\":\"https:\\\/\\\/www.club-ateliers-artistes.com\\\/#primaryimage\"},\"thumbnailUrl\":\"https:\\\/\\\/www.club-ateliers-artistes.com\\\/wp-content\\\/uploads\\\/2017\\\/01\\\/GalerieLaBaule.jpg\",\"datePublished\":\"2015-07-23T17:28:18+00:00\",\"dateModified\":\"2026-01-02T14:24:56+00:00\",\"breadcrumb\":{\"@id\":\"https:\\\/\\\/www.club-ateliers-artistes.com\\\/#breadcrumb\"},\"inLanguage\":\"fr-FR\",\"potentialAction\":[{\"@type\":\"ReadAction\",\"target\":[\"https:\\\/\\\/www.club-ateliers-artistes.com\\\/\"]}]},{\"@type\":\"ImageObject\",\"inLanguage\":\"fr-FR\",\"@id\":\"https:\\\/\\\/www.club-ateliers-artistes.com\\\/#primaryimage\",\"url\":\"https:\\\/\\\/www.club-ateliers-artistes.com\\\/wp-content\\\/uploads\\\/2017\\\/01\\\/GalerieLaBaule.jpg\",\"contentUrl\":\"https:\\\/\\\/www.club-ateliers-artistes.com\\\/wp-content\\\/uploads\\\/2017\\\/01\\\/GalerieLaBaule.jpg\",\"width\":683,\"height\":168},{\"@type\":\"BreadcrumbList\",\"@id\":\"https:\\\/\\\/www.club-ateliers-artistes.com\\\/#breadcrumb\",\"itemListElement\":[{\"@type\":\"ListItem\",\"position\":1,\"name\":\"Accueil\",\"item\":\"https:\\\/\\\/www.club-ateliers-artistes.com\\\/\"},{\"@type\":\"ListItem\",\"position\":2,\"name\":\"De l\u2019exposition ponctuelle \u00e0 la Galerie Permanente\"}]},{\"@type\":\"WebSite\",\"@id\":\"https:\\\/\\\/www.club-ateliers-artistes.com\\\/#website\",\"url\":\"https:\\\/\\\/www.club-ateliers-artistes.com\\\/\",\"name\":\"Le Club des Ateliers d&#039;artistes\",\"description\":\"Les Expositions Abordables\",\"potentialAction\":[{\"@type\":\"SearchAction\",\"target\":{\"@type\":\"EntryPoint\",\"urlTemplate\":\"https:\\\/\\\/www.club-ateliers-artistes.com\\\/?s={search_term_string}\"},\"query-input\":{\"@type\":\"PropertyValueSpecification\",\"valueRequired\":true,\"valueName\":\"search_term_string\"}}],\"inLanguage\":\"fr-FR\"}]}<\/script>\n<!-- \/ Yoast SEO plugin. -->","yoast_head_json":{"title":"De l\u2019exposition ponctuelle \u00e0 la Galerie Permanente - Le Club des Ateliers d&#039;artistes","robots":{"index":"index","follow":"follow","max-snippet":"max-snippet:-1","max-image-preview":"max-image-preview:large","max-video-preview":"max-video-preview:-1"},"canonical":"https:\/\/www.club-ateliers-artistes.com\/","og_locale":"fr_FR","og_type":"article","og_title":"De l\u2019exposition ponctuelle \u00e0 la Galerie Permanente - Le Club des Ateliers d&#039;artistes","og_description":"Le Club des Ateliers d\u2019Artistes poursuit depuis dix ans un grand projet\u00a0 Le Club des Ateliers d&rsquo;Artistes c&rsquo;est une galerie et une \u00e9quipe \u00e0 la disposition des artistes qui souhaitent accro\u00eetre leur visibilit\u00e9 et assurer leur promotion dans les meilleures &hellip; Continuer la lecture &rarr;","og_url":"https:\/\/www.club-ateliers-artistes.com\/","og_site_name":"Le Club des Ateliers d&#039;artistes","article_modified_time":"2026-01-02T14:24:56+00:00","og_image":[{"width":683,"height":168,"url":"https:\/\/www.club-ateliers-artistes.com\/wp-content\/uploads\/2017\/01\/GalerieLaBaule.jpg","type":"image\/jpeg"}],"twitter_card":"summary_large_image","twitter_misc":{"Dur\u00e9e de lecture estim\u00e9e":"3 minutes"},"schema":{"@context":"https:\/\/schema.org","@graph":[{"@type":"WebPage","@id":"https:\/\/www.club-ateliers-artistes.com\/","url":"https:\/\/www.club-ateliers-artistes.com\/","name":"De l\u2019exposition ponctuelle \u00e0 la Galerie Permanente - Le Club des Ateliers d&#039;artistes","isPartOf":{"@id":"https:\/\/www.club-ateliers-artistes.com\/#website"},"primaryImageOfPage":{"@id":"https:\/\/www.club-ateliers-artistes.com\/#primaryimage"},"image":{"@id":"https:\/\/www.club-ateliers-artistes.com\/#primaryimage"},"thumbnailUrl":"https:\/\/www.club-ateliers-artistes.com\/wp-content\/uploads\/2017\/01\/GalerieLaBaule.jpg","datePublished":"2015-07-23T17:28:18+00:00","dateModified":"2026-01-02T14:24:56+00:00","breadcrumb":{"@id":"https:\/\/www.club-ateliers-artistes.com\/#breadcrumb"},"inLanguage":"fr-FR","potentialAction":[{"@type":"ReadAction","target":["https:\/\/www.club-ateliers-artistes.com\/"]}]},{"@type":"ImageObject","inLanguage":"fr-FR","@id":"https:\/\/www.club-ateliers-artistes.com\/#primaryimage","url":"https:\/\/www.club-ateliers-artistes.com\/wp-content\/uploads\/2017\/01\/GalerieLaBaule.jpg","contentUrl":"https:\/\/www.club-ateliers-artistes.com\/wp-content\/uploads\/2017\/01\/GalerieLaBaule.jpg","width":683,"height":168},{"@type":"BreadcrumbList","@id":"https:\/\/www.club-ateliers-artistes.com\/#breadcrumb","itemListElement":[{"@type":"ListItem","position":1,"name":"Accueil","item":"https:\/\/www.club-ateliers-artistes.com\/"},{"@type":"ListItem","position":2,"name":"De l\u2019exposition ponctuelle \u00e0 la Galerie Permanente"}]},{"@type":"WebSite","@id":"https:\/\/www.club-ateliers-artistes.com\/#website","url":"https:\/\/www.club-ateliers-artistes.com\/","name":"Le Club des Ateliers d&#039;artistes","description":"Les Expositions Abordables","potentialAction":[{"@type":"SearchAction","target":{"@type":"EntryPoint","urlTemplate":"https:\/\/www.club-ateliers-artistes.com\/?s={search_term_string}"},"query-input":{"@type":"PropertyValueSpecification","valueRequired":true,"valueName":"search_term_string"}}],"inLanguage":"fr-FR"}]}},"_links":{"self":[{"href":"https:\/\/www.club-ateliers-artistes.com\/index.php?rest_route=\/wp\/v2\/pages\/2","targetHints":{"allow":["GET"]}}],"collection":[{"href":"https:\/\/www.club-ateliers-artistes.com\/index.php?rest_route=\/wp\/v2\/pages"}],"about":[{"href":"https:\/\/www.club-ateliers-artistes.com\/index.php?rest_route=\/wp\/v2\/types\/page"}],"author":[{"embeddable":true,"href":"https:\/\/www.club-ateliers-artistes.com\/index.php?rest_route=\/wp\/v2\/users\/5"}],"replies":[{"embeddable":true,"href":"https:\/\/www.club-ateliers-artistes.com\/index.php?rest_route=%2Fwp%2Fv2%2Fcomments&post=2"}],"version-history":[{"count":294,"href":"https:\/\/www.club-ateliers-artistes.com\/index.php?rest_route=\/wp\/v2\/pages\/2\/revisions"}],"predecessor-version":[{"id":2757,"href":"https:\/\/www.club-ateliers-artistes.com\/index.php?rest_route=\/wp\/v2\/pages\/2\/revisions\/2757"}],"wp:attachment":[{"href":"https:\/\/www.club-ateliers-artistes.com\/index.php?rest_route=%2Fwp%2Fv2%2Fmedia&parent=2"}],"curies":[{"name":"wp","href":"https:\/\/api.w.org\/{rel}","templated":true}]}}