{"id":19,"date":"2015-07-25T07:23:41","date_gmt":"2015-07-25T06:23:41","guid":{"rendered":"http:\/\/www.club-ateliers-artistes.com\/?page_id=19"},"modified":"2019-03-12T09:44:41","modified_gmt":"2019-03-12T08:44:41","slug":"introduction-par-pierre-souchaud","status":"publish","type":"page","link":"https:\/\/www.club-ateliers-artistes.com\/?page_id=19","title":{"rendered":"Les enjeux, par Pierre Souchaud"},"content":{"rendered":"<h2 style=\"text-align: justify;\"><strong>Oui, une renaissance est possible\u00a0!<\/strong><\/h2>\n<p style=\"text-align: justify;\">\u00a0<a href=\"https:\/\/www.club-ateliers-artistes.com\/wp-content\/uploads\/2015\/07\/Pierre-Souchaud.jpg\"><img loading=\"lazy\" decoding=\"async\" class=\"alignleft size-full wp-image-16\" src=\"https:\/\/www.club-ateliers-artistes.com\/wp-content\/uploads\/2015\/07\/Pierre-Souchaud.jpg\" alt=\"Pierre Souchaud\" width=\"200\" height=\"200\" srcset=\"https:\/\/www.club-ateliers-artistes.com\/wp-content\/uploads\/2015\/07\/Pierre-Souchaud.jpg 200w, https:\/\/www.club-ateliers-artistes.com\/wp-content\/uploads\/2015\/07\/Pierre-Souchaud-150x150.jpg 150w\" sizes=\"auto, (max-width: 200px) 100vw, 200px\" \/><\/a><strong>Certes<\/strong>, la vue du paysage d\u00e9vast\u00e9 de l\u2019art en France n\u2019incite gu\u00e8re \u00e0 l\u2019optimisme, car on y voit les effets de quarante ans d\u2019une politique minist\u00e9rielle tr\u00e8s volontariste en mati\u00e8re d\u2019\u00e9radication du sens, du sensible, du dessin, de la peinture, du savoir faire en art au profit d\u2019un non-art conceptuel, discursif et postural \u2026On y voit les r\u00e9sultats de quarante ans de collusion entre l\u2019\u00abesth\u00e9tique\u00bb institutionnelle et celle du march\u00e9 international du financial-art tout autant destructeur de sens au profit du spectaculaire et du tout m\u00e9diatique \u2026<\/p>\n<p style=\"text-align: justify;\">Quarante ann\u00e9es donc d\u2019une \u00ab d\u00e9sartification \u00bb syst\u00e9matique, qui fait qu\u2019aujourd\u2019hui les valeurs et crit\u00e8res de reconnaissance et de l\u00e9gitimation sont pulv\u00e9ris\u00e9s, qui fait que les amateurs d\u2019art, compl\u00e8tement perdus et livr\u00e9s \u00e0 eux-m\u00eames, n\u2019osent plus acheter de peinture de peur d\u2019\u00eatre pris pour des ringards, ne fr\u00e9quentent plus gu\u00e8re les galeries ainsi condamn\u00e9es \u00e0 fermer les unes apr\u00e8s les autres, et qui fait que les artistes occult\u00e9s et disqualifi\u00e9s pour 95% d\u2019entre eux par les th\u00e9ologiens bureaucratis\u00e9s de l\u2019art d\u2019Etat, dit aussi contemporain, officiel et international, sont de plus en plus paup\u00e9ris\u00e9s et d\u00e9sesp\u00e9r\u00e9s\u2026<\/p>\n<p style=\"text-align: justify;\"><strong>Et pourtant<\/strong>, jamais la cr\u00e9ation plastique en France n\u2019 a \u00e9t\u00e9 aussi abondante, riche, belle et diversifi\u00e9e, jamais il n\u2019y a eu autant d\u2019artistes d\u2019une telle qualit\u00e9, d\u2019une telle inventivit\u00e9 et d\u2019une aussi vraie \u00ab\u00a0contemporan\u00e9it\u00e9\u00a0\u00bb\u2026<\/p>\n<p style=\"text-align: justify;\"><strong>Alors,<\/strong> il est possible de redonner visibilit\u00e9 \u00e0 cette richesse, en reconstruisant des syst\u00e8mes de reconnaissance qui porteront les m\u00eames valeurs de fond qui existaient il y a quelques d\u00e9cennies, mais qui doivent \u00eatre adapt\u00e9s aux r\u00e9alit\u00e9s complexes d\u2019aujourd\u2019hui. Car si une meilleure utilisation d\u2019internet par les artistes et les galeries est indispensable pour cette reconstruction et cette renaissance, elle ne suffira pas, si elle n\u2019est pas accompagn\u00e9e d\u2019une remise en question radicale des attitudes marchandes, des modes de monstration, des strat\u00e9gies des galeries, des \u00e9gos et \u00ab\u00a0fa\u00e7ons\u00a0d\u2019\u00eatre\u00a0\u00bb des artistes, et de quantit\u00e9 d\u2019a priori, de postures, de conventions et de st\u00e9r\u00e9otypes qui r\u00e9gissaient le monde de l\u2019art jusqu\u2019\u00e0 aujourd\u2019hui, et dont on constate l\u2019inad\u00e9quation totale aux dures r\u00e9alit\u00e9s d\u2019aujourd\u2019hui\u2026Le monde de l\u2019art fran\u00e7ais est un paquebot en perdition, alors il faut que tous les acteurs de l\u2019art vivant cessent de \u00ab\u00a0se regarder en chiens de fa\u00efence\u00a0\u00bb, il faut qu\u2019ils se solidarisent face au danger de leur disparition , ils faut qu\u2019ils r\u00e9fl\u00e9chissent ensemble, qu\u2019il inventent de nouveaux modes d\u2019existence, de partage et de communication.<\/p>\n<p style=\"text-align: justify;\"><a href=\"https:\/\/www.concept-store-gallery.com\"><span style=\"text-decoration: underline;\"><span style=\"color: #000000;\"><strong>Le Concept Store Gallery<\/strong><\/span><\/span><\/a> se propose comme lieu d\u2019exp\u00e9rimentation concernant ces nouveaux outils \u00e0 mettre en place pour cette indispensable et possible \u00ab\u00a0renaissance\u00a0\u00bb. Une strat\u00e9gie se dessine, les outils sont en place, il n\u2019y a plus qu\u2019\u00e0 les mettre en \u0153uvre et \u00e0 les tester en vraie grandeur. <strong>Le Club des Ateliers d&rsquo;Artistes<\/strong> est une des briques de cet \u00e9difice, il va permettre \u00e0 de nombreux artistes de retrouver leur public et les moyens d&rsquo;exposer&#8230;<\/p>\n<p>Pierre Souchaud<br \/>\nFondateur de la revue Artension<\/p>\n","protected":false},"excerpt":{"rendered":"<p>Oui, une renaissance est possible\u00a0! \u00a0Certes, la vue du paysage d\u00e9vast\u00e9 de l\u2019art en France n\u2019incite gu\u00e8re \u00e0 l\u2019optimisme, car on y voit les effets de quarante ans d\u2019une politique minist\u00e9rielle tr\u00e8s volontariste en mati\u00e8re d\u2019\u00e9radication du sens, du sensible, &hellip; <a href=\"https:\/\/www.club-ateliers-artistes.com\/?page_id=19\">Continuer la lecture <span class=\"meta-nav\">&rarr;<\/span><\/a><\/p>\n","protected":false},"author":5,"featured_media":0,"parent":0,"menu_order":0,"comment_status":"open","ping_status":"open","template":"","meta":{"footnotes":""},"class_list":["post-19","page","type-page","status-publish","hentry"],"yoast_head":"<!-- This site is optimized with the Yoast SEO plugin v27.3 - https:\/\/yoast.com\/product\/yoast-seo-wordpress\/ -->\n<title>Les enjeux, par Pierre Souchaud - Le Club des Ateliers d&#039;artistes<\/title>\n<meta name=\"robots\" content=\"index, follow, max-snippet:-1, max-image-preview:large, max-video-preview:-1\" \/>\n<link rel=\"canonical\" href=\"https:\/\/www.club-ateliers-artistes.com\/?page_id=19\" \/>\n<meta property=\"og:locale\" content=\"fr_FR\" \/>\n<meta property=\"og:type\" content=\"article\" \/>\n<meta property=\"og:title\" content=\"Les enjeux, par Pierre Souchaud - Le Club des Ateliers d&#039;artistes\" \/>\n<meta property=\"og:description\" content=\"Oui, une renaissance est possible\u00a0! \u00a0Certes, la vue du paysage d\u00e9vast\u00e9 de l\u2019art en France n\u2019incite gu\u00e8re \u00e0 l\u2019optimisme, car on y voit les effets de quarante ans d\u2019une politique minist\u00e9rielle tr\u00e8s volontariste en mati\u00e8re d\u2019\u00e9radication du sens, du sensible, &hellip; Continuer la lecture &rarr;\" \/>\n<meta property=\"og:url\" content=\"https:\/\/www.club-ateliers-artistes.com\/?page_id=19\" \/>\n<meta property=\"og:site_name\" content=\"Le Club des Ateliers d&#039;artistes\" \/>\n<meta property=\"article:modified_time\" content=\"2019-03-12T08:44:41+00:00\" \/>\n<meta property=\"og:image\" content=\"https:\/\/www.club-ateliers-artistes.com\/wp-content\/uploads\/2015\/07\/Pierre-Souchaud.jpg\" \/>\n<meta name=\"twitter:card\" content=\"summary_large_image\" \/>\n<meta name=\"twitter:label1\" content=\"Dur\u00e9e de lecture estim\u00e9e\" \/>\n\t<meta name=\"twitter:data1\" content=\"3 minutes\" \/>\n<script type=\"application\/ld+json\" class=\"yoast-schema-graph\">{\"@context\":\"https:\\\/\\\/schema.org\",\"@graph\":[{\"@type\":\"WebPage\",\"@id\":\"https:\\\/\\\/www.club-ateliers-artistes.com\\\/?page_id=19\",\"url\":\"https:\\\/\\\/www.club-ateliers-artistes.com\\\/?page_id=19\",\"name\":\"Les enjeux, par Pierre Souchaud - Le Club des Ateliers d&#039;artistes\",\"isPartOf\":{\"@id\":\"https:\\\/\\\/www.club-ateliers-artistes.com\\\/#website\"},\"primaryImageOfPage\":{\"@id\":\"https:\\\/\\\/www.club-ateliers-artistes.com\\\/?page_id=19#primaryimage\"},\"image\":{\"@id\":\"https:\\\/\\\/www.club-ateliers-artistes.com\\\/?page_id=19#primaryimage\"},\"thumbnailUrl\":\"https:\\\/\\\/www.club-ateliers-artistes.com\\\/wp-content\\\/uploads\\\/2015\\\/07\\\/Pierre-Souchaud.jpg\",\"datePublished\":\"2015-07-25T06:23:41+00:00\",\"dateModified\":\"2019-03-12T08:44:41+00:00\",\"breadcrumb\":{\"@id\":\"https:\\\/\\\/www.club-ateliers-artistes.com\\\/?page_id=19#breadcrumb\"},\"inLanguage\":\"fr-FR\",\"potentialAction\":[{\"@type\":\"ReadAction\",\"target\":[\"https:\\\/\\\/www.club-ateliers-artistes.com\\\/?page_id=19\"]}]},{\"@type\":\"ImageObject\",\"inLanguage\":\"fr-FR\",\"@id\":\"https:\\\/\\\/www.club-ateliers-artistes.com\\\/?page_id=19#primaryimage\",\"url\":\"https:\\\/\\\/www.club-ateliers-artistes.com\\\/wp-content\\\/uploads\\\/2015\\\/07\\\/Pierre-Souchaud.jpg\",\"contentUrl\":\"https:\\\/\\\/www.club-ateliers-artistes.com\\\/wp-content\\\/uploads\\\/2015\\\/07\\\/Pierre-Souchaud.jpg\"},{\"@type\":\"BreadcrumbList\",\"@id\":\"https:\\\/\\\/www.club-ateliers-artistes.com\\\/?page_id=19#breadcrumb\",\"itemListElement\":[{\"@type\":\"ListItem\",\"position\":1,\"name\":\"Accueil\",\"item\":\"https:\\\/\\\/www.club-ateliers-artistes.com\\\/\"},{\"@type\":\"ListItem\",\"position\":2,\"name\":\"Les enjeux, par Pierre Souchaud\"}]},{\"@type\":\"WebSite\",\"@id\":\"https:\\\/\\\/www.club-ateliers-artistes.com\\\/#website\",\"url\":\"https:\\\/\\\/www.club-ateliers-artistes.com\\\/\",\"name\":\"Le Club des Ateliers d&#039;artistes\",\"description\":\"Les Expositions Abordables\",\"potentialAction\":[{\"@type\":\"SearchAction\",\"target\":{\"@type\":\"EntryPoint\",\"urlTemplate\":\"https:\\\/\\\/www.club-ateliers-artistes.com\\\/?s={search_term_string}\"},\"query-input\":{\"@type\":\"PropertyValueSpecification\",\"valueRequired\":true,\"valueName\":\"search_term_string\"}}],\"inLanguage\":\"fr-FR\"}]}<\/script>\n<!-- \/ Yoast SEO plugin. -->","yoast_head_json":{"title":"Les enjeux, par Pierre Souchaud - Le Club des Ateliers d&#039;artistes","robots":{"index":"index","follow":"follow","max-snippet":"max-snippet:-1","max-image-preview":"max-image-preview:large","max-video-preview":"max-video-preview:-1"},"canonical":"https:\/\/www.club-ateliers-artistes.com\/?page_id=19","og_locale":"fr_FR","og_type":"article","og_title":"Les enjeux, par Pierre Souchaud - Le Club des Ateliers d&#039;artistes","og_description":"Oui, une renaissance est possible\u00a0! \u00a0Certes, la vue du paysage d\u00e9vast\u00e9 de l\u2019art en France n\u2019incite gu\u00e8re \u00e0 l\u2019optimisme, car on y voit les effets de quarante ans d\u2019une politique minist\u00e9rielle tr\u00e8s volontariste en mati\u00e8re d\u2019\u00e9radication du sens, du sensible, &hellip; Continuer la lecture &rarr;","og_url":"https:\/\/www.club-ateliers-artistes.com\/?page_id=19","og_site_name":"Le Club des Ateliers d&#039;artistes","article_modified_time":"2019-03-12T08:44:41+00:00","og_image":[{"url":"https:\/\/www.club-ateliers-artistes.com\/wp-content\/uploads\/2015\/07\/Pierre-Souchaud.jpg","type":"","width":"","height":""}],"twitter_card":"summary_large_image","twitter_misc":{"Dur\u00e9e de lecture estim\u00e9e":"3 minutes"},"schema":{"@context":"https:\/\/schema.org","@graph":[{"@type":"WebPage","@id":"https:\/\/www.club-ateliers-artistes.com\/?page_id=19","url":"https:\/\/www.club-ateliers-artistes.com\/?page_id=19","name":"Les enjeux, par Pierre Souchaud - Le Club des Ateliers d&#039;artistes","isPartOf":{"@id":"https:\/\/www.club-ateliers-artistes.com\/#website"},"primaryImageOfPage":{"@id":"https:\/\/www.club-ateliers-artistes.com\/?page_id=19#primaryimage"},"image":{"@id":"https:\/\/www.club-ateliers-artistes.com\/?page_id=19#primaryimage"},"thumbnailUrl":"https:\/\/www.club-ateliers-artistes.com\/wp-content\/uploads\/2015\/07\/Pierre-Souchaud.jpg","datePublished":"2015-07-25T06:23:41+00:00","dateModified":"2019-03-12T08:44:41+00:00","breadcrumb":{"@id":"https:\/\/www.club-ateliers-artistes.com\/?page_id=19#breadcrumb"},"inLanguage":"fr-FR","potentialAction":[{"@type":"ReadAction","target":["https:\/\/www.club-ateliers-artistes.com\/?page_id=19"]}]},{"@type":"ImageObject","inLanguage":"fr-FR","@id":"https:\/\/www.club-ateliers-artistes.com\/?page_id=19#primaryimage","url":"https:\/\/www.club-ateliers-artistes.com\/wp-content\/uploads\/2015\/07\/Pierre-Souchaud.jpg","contentUrl":"https:\/\/www.club-ateliers-artistes.com\/wp-content\/uploads\/2015\/07\/Pierre-Souchaud.jpg"},{"@type":"BreadcrumbList","@id":"https:\/\/www.club-ateliers-artistes.com\/?page_id=19#breadcrumb","itemListElement":[{"@type":"ListItem","position":1,"name":"Accueil","item":"https:\/\/www.club-ateliers-artistes.com\/"},{"@type":"ListItem","position":2,"name":"Les enjeux, par Pierre Souchaud"}]},{"@type":"WebSite","@id":"https:\/\/www.club-ateliers-artistes.com\/#website","url":"https:\/\/www.club-ateliers-artistes.com\/","name":"Le Club des Ateliers d&#039;artistes","description":"Les Expositions Abordables","potentialAction":[{"@type":"SearchAction","target":{"@type":"EntryPoint","urlTemplate":"https:\/\/www.club-ateliers-artistes.com\/?s={search_term_string}"},"query-input":{"@type":"PropertyValueSpecification","valueRequired":true,"valueName":"search_term_string"}}],"inLanguage":"fr-FR"}]}},"_links":{"self":[{"href":"https:\/\/www.club-ateliers-artistes.com\/index.php?rest_route=\/wp\/v2\/pages\/19","targetHints":{"allow":["GET"]}}],"collection":[{"href":"https:\/\/www.club-ateliers-artistes.com\/index.php?rest_route=\/wp\/v2\/pages"}],"about":[{"href":"https:\/\/www.club-ateliers-artistes.com\/index.php?rest_route=\/wp\/v2\/types\/page"}],"author":[{"embeddable":true,"href":"https:\/\/www.club-ateliers-artistes.com\/index.php?rest_route=\/wp\/v2\/users\/5"}],"replies":[{"embeddable":true,"href":"https:\/\/www.club-ateliers-artistes.com\/index.php?rest_route=%2Fwp%2Fv2%2Fcomments&post=19"}],"version-history":[{"count":9,"href":"https:\/\/www.club-ateliers-artistes.com\/index.php?rest_route=\/wp\/v2\/pages\/19\/revisions"}],"predecessor-version":[{"id":2415,"href":"https:\/\/www.club-ateliers-artistes.com\/index.php?rest_route=\/wp\/v2\/pages\/19\/revisions\/2415"}],"wp:attachment":[{"href":"https:\/\/www.club-ateliers-artistes.com\/index.php?rest_route=%2Fwp%2Fv2%2Fmedia&parent=19"}],"curies":[{"name":"wp","href":"https:\/\/api.w.org\/{rel}","templated":true}]}}