{"id":1807,"date":"2017-07-02T15:23:42","date_gmt":"2017-07-02T14:23:42","guid":{"rendered":"http:\/\/www.club-ateliers-artistes.com\/?page_id=1807"},"modified":"2025-01-04T11:39:51","modified_gmt":"2025-01-04T10:39:51","slug":"la-formule-annuelle-en-detail","status":"publish","type":"page","link":"https:\/\/www.club-ateliers-artistes.com\/?page_id=1807","title":{"rendered":"La formule annuelle en d\u00e9tail&#8230;"},"content":{"rendered":"<p style=\"text-align: justify;\"><strong>Un service complet, pour exposer vos oeuvres<\/strong>.\u00a0Nous avons essay\u00e9 de regrouper dans cette offre toutes la facettes destin\u00e9es \u00e0 faciliter la vie des artistes et de maximiser les chances de succ\u00e8s d&rsquo;une exposition :<\/p>\n<ul>\n<li style=\"text-align: justify;\">Expositions de 11, 14, ou 17 semaines par an \u00e0 la Baule selon la formule choisie<\/li>\n<li>Prises de vues de vos oeuvres par un photographe professionnel<\/li>\n<li>Installation de vos oeuvres sur le site de vente Artsper.com<\/li>\n<li style=\"text-align: justify;\">Pr\u00e9sence avec le Club sur des salons selon la formule choisie<\/li>\n<li style=\"text-align: justify;\">Stockage des oeuvres sur place apr\u00e8s l&rsquo;exposition pour maximiser les opportunit\u00e9s de vente.<\/li>\n<\/ul>\n<p style=\"text-align: center;\"><img loading=\"lazy\" decoding=\"async\" class=\"aligncenter size-full wp-image-1577\" src=\"https:\/\/www.club-ateliers-artistes.com\/wp-content\/uploads\/2017\/03\/GalerieLaBaule.jpg\" alt=\"\" width=\"683\" height=\"168\" srcset=\"https:\/\/www.club-ateliers-artistes.com\/wp-content\/uploads\/2017\/03\/GalerieLaBaule.jpg 683w, https:\/\/www.club-ateliers-artistes.com\/wp-content\/uploads\/2017\/03\/GalerieLaBaule-300x74.jpg 300w\" sizes=\"auto, (max-width: 683px) 100vw, 683px\" \/><\/p>\n<p style=\"text-align: justify;\"><strong>De nombreux services compl\u00e9mentaires\u00a0:\u00a0<\/strong>Nous souhaitons profiter de cette relation de confiance \u00e0 moyen terme pour r\u00e9fl\u00e9chir ensemble \u00e0 tous les points de blocage qui font que vos oeuvres ne se vendent pas comme elle le pourraient. Cette ann\u00e9e de collaboration va nous permettre :<\/p>\n<p style=\"text-align: justify;\"><strong>Au d\u00e9but de la premi\u00e8re exposition<\/strong> : faire le point sur la s\u00e9rie propos\u00e9e, sa coh\u00e9rence, votre communication, r\u00e9viser si besoin vos textes de pr\u00e9sentation&#8230;<\/p>\n<p style=\"text-align: justify;\"><strong>Pendant la premi\u00e8re exposition<\/strong> : collecter autant que possible les informations permettant de comprendre le rapport des oeuvres au public, de leur positionnement tarifaire, des points de blocages \u00e0 la vente&#8230; (voir notre laboratoire d&rsquo;Exposition)&#8230;<\/p>\n<p style=\"text-align: justify;\"><strong>A la fin de la premi\u00e8re exposition<\/strong> : faire le point sur le retour d&rsquo;exp\u00e9rience, les points n\u00e9gatifs et positifs, envisager un plan de travail pour am\u00e9liorer ce qui peut l&rsquo;\u00eatre et pr\u00e9parer les prochaines expositions en augmentant les chances de succ\u00e8s.<\/p>\n<p style=\"text-align: justify;\"><strong>Les expositions suivantes<\/strong>, tout au long de l&rsquo;ann\u00e9e : mise en oeuvre du plan d&rsquo;action d\u00e9cid\u00e9 \u00e0 la suite de la premi\u00e8re expo, am\u00e9lioration de la communication et du Storytelling de l&rsquo;artiste. En r\u00e9sum\u00e9 \u00eatre plus efficaces de jour en jour pour proposer vos oeuvres.<\/p>\n<p style=\"text-align: justify;\"><strong>Pour recevoir un dossier d&rsquo;informations ainsi que les conditions d&rsquo;inscription pour exposer avec le Club, merci de remplir le formulaire ci-dessous :<\/strong><\/p>\n<p style=\"text-align: center;\">\n<!-- iframe plugin v.6.0 wordpress.org\/plugins\/iframe\/ -->\n<iframe loading=\"lazy\" width=\"600\" height=\"560\" src=\"https:\/\/www.club-ateliers-artistes.com\/forms\/form_contrat_annuel.htm\" scrolling=\"yes\" class=\"iframe-class\" frameborder=\"0\"><\/iframe>\n<\/p>\n","protected":false},"excerpt":{"rendered":"<p>Un service complet, pour exposer vos oeuvres.\u00a0Nous avons essay\u00e9 de regrouper dans cette offre toutes la facettes destin\u00e9es \u00e0 faciliter la vie des artistes et de maximiser les chances de succ\u00e8s d&rsquo;une exposition : Expositions de 11, 14, ou 17 &hellip; <a href=\"https:\/\/www.club-ateliers-artistes.com\/?page_id=1807\">Continuer la lecture <span class=\"meta-nav\">&rarr;<\/span><\/a><\/p>\n","protected":false},"author":5,"featured_media":0,"parent":0,"menu_order":0,"comment_status":"closed","ping_status":"closed","template":"","meta":{"footnotes":""},"class_list":["post-1807","page","type-page","status-publish","hentry"],"yoast_head":"<!-- This site is optimized with the Yoast SEO plugin v27.4 - https:\/\/yoast.com\/product\/yoast-seo-wordpress\/ -->\n<title>La formule annuelle en d\u00e9tail... - Le Club des Ateliers d&#039;artistes<\/title>\n<meta name=\"robots\" content=\"index, follow, max-snippet:-1, max-image-preview:large, max-video-preview:-1\" \/>\n<link rel=\"canonical\" href=\"https:\/\/www.club-ateliers-artistes.com\/?page_id=1807\" \/>\n<meta property=\"og:locale\" content=\"fr_FR\" \/>\n<meta property=\"og:type\" content=\"article\" \/>\n<meta property=\"og:title\" content=\"La formule annuelle en d\u00e9tail... - Le Club des Ateliers d&#039;artistes\" \/>\n<meta property=\"og:description\" content=\"Un service complet, pour exposer vos oeuvres.\u00a0Nous avons essay\u00e9 de regrouper dans cette offre toutes la facettes destin\u00e9es \u00e0 faciliter la vie des artistes et de maximiser les chances de succ\u00e8s d&rsquo;une exposition : Expositions de 11, 14, ou 17 &hellip; Continuer la lecture &rarr;\" \/>\n<meta property=\"og:url\" content=\"https:\/\/www.club-ateliers-artistes.com\/?page_id=1807\" \/>\n<meta property=\"og:site_name\" content=\"Le Club des Ateliers d&#039;artistes\" \/>\n<meta property=\"article:modified_time\" content=\"2025-01-04T10:39:51+00:00\" \/>\n<meta property=\"og:image\" content=\"https:\/\/www.club-ateliers-artistes.com\/wp-content\/uploads\/2017\/03\/GalerieLaBaule.jpg\" \/>\n\t<meta property=\"og:image:width\" content=\"683\" \/>\n\t<meta property=\"og:image:height\" content=\"168\" \/>\n\t<meta property=\"og:image:type\" content=\"image\/jpeg\" \/>\n<meta name=\"twitter:card\" content=\"summary_large_image\" \/>\n<meta name=\"twitter:label1\" content=\"Dur\u00e9e de lecture estim\u00e9e\" \/>\n\t<meta name=\"twitter:data1\" content=\"2 minutes\" \/>\n<script type=\"application\/ld+json\" class=\"yoast-schema-graph\">{\"@context\":\"https:\\\/\\\/schema.org\",\"@graph\":[{\"@type\":\"WebPage\",\"@id\":\"https:\\\/\\\/www.club-ateliers-artistes.com\\\/?page_id=1807\",\"url\":\"https:\\\/\\\/www.club-ateliers-artistes.com\\\/?page_id=1807\",\"name\":\"La formule annuelle en d\u00e9tail... - Le Club des Ateliers d&#039;artistes\",\"isPartOf\":{\"@id\":\"https:\\\/\\\/www.club-ateliers-artistes.com\\\/#website\"},\"primaryImageOfPage\":{\"@id\":\"https:\\\/\\\/www.club-ateliers-artistes.com\\\/?page_id=1807#primaryimage\"},\"image\":{\"@id\":\"https:\\\/\\\/www.club-ateliers-artistes.com\\\/?page_id=1807#primaryimage\"},\"thumbnailUrl\":\"https:\\\/\\\/www.club-ateliers-artistes.com\\\/wp-content\\\/uploads\\\/2017\\\/03\\\/GalerieLaBaule.jpg\",\"datePublished\":\"2017-07-02T14:23:42+00:00\",\"dateModified\":\"2025-01-04T10:39:51+00:00\",\"breadcrumb\":{\"@id\":\"https:\\\/\\\/www.club-ateliers-artistes.com\\\/?page_id=1807#breadcrumb\"},\"inLanguage\":\"fr-FR\",\"potentialAction\":[{\"@type\":\"ReadAction\",\"target\":[\"https:\\\/\\\/www.club-ateliers-artistes.com\\\/?page_id=1807\"]}]},{\"@type\":\"ImageObject\",\"inLanguage\":\"fr-FR\",\"@id\":\"https:\\\/\\\/www.club-ateliers-artistes.com\\\/?page_id=1807#primaryimage\",\"url\":\"https:\\\/\\\/www.club-ateliers-artistes.com\\\/wp-content\\\/uploads\\\/2017\\\/03\\\/GalerieLaBaule.jpg\",\"contentUrl\":\"https:\\\/\\\/www.club-ateliers-artistes.com\\\/wp-content\\\/uploads\\\/2017\\\/03\\\/GalerieLaBaule.jpg\",\"width\":683,\"height\":168},{\"@type\":\"BreadcrumbList\",\"@id\":\"https:\\\/\\\/www.club-ateliers-artistes.com\\\/?page_id=1807#breadcrumb\",\"itemListElement\":[{\"@type\":\"ListItem\",\"position\":1,\"name\":\"Accueil\",\"item\":\"https:\\\/\\\/www.club-ateliers-artistes.com\\\/\"},{\"@type\":\"ListItem\",\"position\":2,\"name\":\"La formule annuelle en d\u00e9tail&#8230;\"}]},{\"@type\":\"WebSite\",\"@id\":\"https:\\\/\\\/www.club-ateliers-artistes.com\\\/#website\",\"url\":\"https:\\\/\\\/www.club-ateliers-artistes.com\\\/\",\"name\":\"Le Club des Ateliers d&#039;artistes\",\"description\":\"Les Expositions Abordables\",\"potentialAction\":[{\"@type\":\"SearchAction\",\"target\":{\"@type\":\"EntryPoint\",\"urlTemplate\":\"https:\\\/\\\/www.club-ateliers-artistes.com\\\/?s={search_term_string}\"},\"query-input\":{\"@type\":\"PropertyValueSpecification\",\"valueRequired\":true,\"valueName\":\"search_term_string\"}}],\"inLanguage\":\"fr-FR\"}]}<\/script>\n<!-- \/ Yoast SEO plugin. -->","yoast_head_json":{"title":"La formule annuelle en d\u00e9tail... - Le Club des Ateliers d&#039;artistes","robots":{"index":"index","follow":"follow","max-snippet":"max-snippet:-1","max-image-preview":"max-image-preview:large","max-video-preview":"max-video-preview:-1"},"canonical":"https:\/\/www.club-ateliers-artistes.com\/?page_id=1807","og_locale":"fr_FR","og_type":"article","og_title":"La formule annuelle en d\u00e9tail... - Le Club des Ateliers d&#039;artistes","og_description":"Un service complet, pour exposer vos oeuvres.\u00a0Nous avons essay\u00e9 de regrouper dans cette offre toutes la facettes destin\u00e9es \u00e0 faciliter la vie des artistes et de maximiser les chances de succ\u00e8s d&rsquo;une exposition : Expositions de 11, 14, ou 17 &hellip; Continuer la lecture &rarr;","og_url":"https:\/\/www.club-ateliers-artistes.com\/?page_id=1807","og_site_name":"Le Club des Ateliers d&#039;artistes","article_modified_time":"2025-01-04T10:39:51+00:00","og_image":[{"width":683,"height":168,"url":"https:\/\/www.club-ateliers-artistes.com\/wp-content\/uploads\/2017\/03\/GalerieLaBaule.jpg","type":"image\/jpeg"}],"twitter_card":"summary_large_image","twitter_misc":{"Dur\u00e9e de lecture estim\u00e9e":"2 minutes"},"schema":{"@context":"https:\/\/schema.org","@graph":[{"@type":"WebPage","@id":"https:\/\/www.club-ateliers-artistes.com\/?page_id=1807","url":"https:\/\/www.club-ateliers-artistes.com\/?page_id=1807","name":"La formule annuelle en d\u00e9tail... - Le Club des Ateliers d&#039;artistes","isPartOf":{"@id":"https:\/\/www.club-ateliers-artistes.com\/#website"},"primaryImageOfPage":{"@id":"https:\/\/www.club-ateliers-artistes.com\/?page_id=1807#primaryimage"},"image":{"@id":"https:\/\/www.club-ateliers-artistes.com\/?page_id=1807#primaryimage"},"thumbnailUrl":"https:\/\/www.club-ateliers-artistes.com\/wp-content\/uploads\/2017\/03\/GalerieLaBaule.jpg","datePublished":"2017-07-02T14:23:42+00:00","dateModified":"2025-01-04T10:39:51+00:00","breadcrumb":{"@id":"https:\/\/www.club-ateliers-artistes.com\/?page_id=1807#breadcrumb"},"inLanguage":"fr-FR","potentialAction":[{"@type":"ReadAction","target":["https:\/\/www.club-ateliers-artistes.com\/?page_id=1807"]}]},{"@type":"ImageObject","inLanguage":"fr-FR","@id":"https:\/\/www.club-ateliers-artistes.com\/?page_id=1807#primaryimage","url":"https:\/\/www.club-ateliers-artistes.com\/wp-content\/uploads\/2017\/03\/GalerieLaBaule.jpg","contentUrl":"https:\/\/www.club-ateliers-artistes.com\/wp-content\/uploads\/2017\/03\/GalerieLaBaule.jpg","width":683,"height":168},{"@type":"BreadcrumbList","@id":"https:\/\/www.club-ateliers-artistes.com\/?page_id=1807#breadcrumb","itemListElement":[{"@type":"ListItem","position":1,"name":"Accueil","item":"https:\/\/www.club-ateliers-artistes.com\/"},{"@type":"ListItem","position":2,"name":"La formule annuelle en d\u00e9tail&#8230;"}]},{"@type":"WebSite","@id":"https:\/\/www.club-ateliers-artistes.com\/#website","url":"https:\/\/www.club-ateliers-artistes.com\/","name":"Le Club des Ateliers d&#039;artistes","description":"Les Expositions Abordables","potentialAction":[{"@type":"SearchAction","target":{"@type":"EntryPoint","urlTemplate":"https:\/\/www.club-ateliers-artistes.com\/?s={search_term_string}"},"query-input":{"@type":"PropertyValueSpecification","valueRequired":true,"valueName":"search_term_string"}}],"inLanguage":"fr-FR"}]}},"_links":{"self":[{"href":"https:\/\/www.club-ateliers-artistes.com\/index.php?rest_route=\/wp\/v2\/pages\/1807","targetHints":{"allow":["GET"]}}],"collection":[{"href":"https:\/\/www.club-ateliers-artistes.com\/index.php?rest_route=\/wp\/v2\/pages"}],"about":[{"href":"https:\/\/www.club-ateliers-artistes.com\/index.php?rest_route=\/wp\/v2\/types\/page"}],"author":[{"embeddable":true,"href":"https:\/\/www.club-ateliers-artistes.com\/index.php?rest_route=\/wp\/v2\/users\/5"}],"replies":[{"embeddable":true,"href":"https:\/\/www.club-ateliers-artistes.com\/index.php?rest_route=%2Fwp%2Fv2%2Fcomments&post=1807"}],"version-history":[{"count":9,"href":"https:\/\/www.club-ateliers-artistes.com\/index.php?rest_route=\/wp\/v2\/pages\/1807\/revisions"}],"predecessor-version":[{"id":2730,"href":"https:\/\/www.club-ateliers-artistes.com\/index.php?rest_route=\/wp\/v2\/pages\/1807\/revisions\/2730"}],"wp:attachment":[{"href":"https:\/\/www.club-ateliers-artistes.com\/index.php?rest_route=%2Fwp%2Fv2%2Fmedia&parent=1807"}],"curies":[{"name":"wp","href":"https:\/\/api.w.org\/{rel}","templated":true}]}}