{"id":1795,"date":"2017-07-02T14:44:18","date_gmt":"2017-07-02T13:44:18","guid":{"rendered":"http:\/\/www.club-ateliers-artistes.com\/?page_id=1795"},"modified":"2026-01-02T15:25:27","modified_gmt":"2026-01-02T14:25:27","slug":"formule-annuelle-dexposition-paris-et-la-baule","status":"publish","type":"page","link":"https:\/\/www.club-ateliers-artistes.com\/?page_id=1795","title":{"rendered":"Formule annuelle d&rsquo;exposition \u00e0 la Baule"},"content":{"rendered":"<p data-start=\"152\" data-end=\"431\">Dans un contexte \u00e9conomique fragilis\u00e9 et face \u00e0 la concentration du march\u00e9 de l\u2019art, rester isol\u00e9 devient un risque. Le <strong data-start=\"274\" data-end=\"306\">Club des Ateliers d\u2019Artistes<\/strong> est n\u00e9 d\u2019une conviction simple : <strong data-start=\"340\" data-end=\"430\">l\u2019union est aujourd\u2019hui une n\u00e9cessit\u00e9 pour d\u00e9fendre la cr\u00e9ation et ceux qui la portent<\/strong>.<\/p>\n<p data-start=\"433\" data-end=\"636\">Cr\u00e9\u00e9 par des artistes il y a dix ans, le Club est un <strong data-start=\"486\" data-end=\"531\">outil collectif, ind\u00e9pendant et solidaire<\/strong>, au service de la visibilit\u00e9, de la diffusion et de la vente des \u0153uvres, sans formatage ni sp\u00e9culation.<\/p>\n<p data-start=\"638\" data-end=\"652\">Nous offrons :<\/p>\n<ul>\n<li style=\"text-align: justify;\" data-start=\"655\" data-end=\"719\"><strong data-start=\"655\" data-end=\"689\">300 m\u00b2 d\u2019exposition \u00e0 La Baule<\/strong> (23 500 visiteurs en 2025),<\/li>\n<li style=\"text-align: justify;\" data-start=\"722\" data-end=\"788\">une <strong data-start=\"726\" data-end=\"754\">diffusion internationale<\/strong> (60 % des ventes \u00e0 l\u2019\u00e9tranger),<\/li>\n<li style=\"text-align: justify;\" data-start=\"791\" data-end=\"837\">un <strong data-start=\"794\" data-end=\"834\">accompagnement professionnel complet<\/strong>,<\/li>\n<li style=\"text-align: justify;\" data-start=\"840\" data-end=\"897\">une pr\u00e9sence sur de <strong data-start=\"860\" data-end=\"896\">grands salons d\u2019art contemporain<\/strong>.<\/li>\n<\/ul>\n<p data-start=\"899\" data-end=\"1026\">Notre mod\u00e8le est clair : <strong data-start=\"924\" data-end=\"946\">15 % de commission<\/strong>, une cotisation mod\u00e9r\u00e9e, et une m\u00eame exigence de respect du travail artistique.<\/p>\n<p data-start=\"1028\" data-end=\"1142\" data-is-last-node=\"\" data-is-only-node=\"\"><strong data-start=\"1028\" data-end=\"1142\" data-is-last-node=\"\">Rejoindre le Club des Ateliers d\u2019Artistes, c\u2019est refuser l\u2019isolement et donner plus de force \u00e0 votre d\u00e9marche.<\/strong><\/p>\n<p style=\"text-align: center;\"><span style=\"text-decoration: underline; color: #ff0000;\"><a style=\"color: #ff0000;\" href=\"https:\/\/www.club-ateliers-artistes.com\/?page_id=1807\"><strong>&gt;&gt; EN SAVOIR PLUS SUR L&rsquo;OFFRE D&rsquo;EXPOSITION ANNUALIS\u00c9E &lt;&lt;<\/strong><\/a><\/span><\/p>\n<p style=\"text-align: center;\"><img loading=\"lazy\" decoding=\"async\" class=\"aligncenter size-full wp-image-1577\" src=\"https:\/\/www.club-ateliers-artistes.com\/wp-content\/uploads\/2017\/03\/GalerieLaBaule.jpg\" alt=\"\" width=\"683\" height=\"168\" srcset=\"https:\/\/www.club-ateliers-artistes.com\/wp-content\/uploads\/2017\/03\/GalerieLaBaule.jpg 683w, https:\/\/www.club-ateliers-artistes.com\/wp-content\/uploads\/2017\/03\/GalerieLaBaule-300x74.jpg 300w\" sizes=\"auto, (max-width: 683px) 100vw, 683px\" \/><\/p>\n<p style=\"text-align: justify;\"><strong>La formule annuelle : <\/strong>combiner expositions et disponibilit\u00e9 des oeuvres sur le long terme. Nous proposons 3 formules, de 11,14 ou 17 semaines d&rsquo;expositions, par p\u00e9riodes de 3 semaines cons\u00e9cutives en demi-saison et 2 semaines en \u00e9t\u00e9, en gardant les oeuvres en stock entre chaque exposition. Quand les clients reviennent en nous disant \u00ab\u00a0nous avons r\u00e9fl\u00e9chi, c&rsquo;est d&rsquo;accord\u00a0\u00bb&#8230; Nous pouvons conclure la vente.<strong><br \/>\n<\/strong><strong><br \/>\n<\/strong><strong>Pour recevoir un dossier d&rsquo;informations ainsi que les conditions d&rsquo;inscription pour exposer avec le Club, merci de remplir le formulaire ci-dessous.<\/strong><\/p>\n<p style=\"text-align: center;\">\n<!-- iframe plugin v.6.0 wordpress.org\/plugins\/iframe\/ -->\n<iframe loading=\"lazy\" width=\"600\" height=\"560\" src=\"https:\/\/www.club-ateliers-artistes.com\/forms\/form_contrat_annuel.htm\" scrolling=\"yes\" class=\"iframe-class\" frameborder=\"0\"><\/iframe>\n<\/p>\n","protected":false},"excerpt":{"rendered":"<p>Dans un contexte \u00e9conomique fragilis\u00e9 et face \u00e0 la concentration du march\u00e9 de l\u2019art, rester isol\u00e9 devient un risque. Le Club des Ateliers d\u2019Artistes est n\u00e9 d\u2019une conviction simple : l\u2019union est aujourd\u2019hui une n\u00e9cessit\u00e9 pour d\u00e9fendre la cr\u00e9ation et &hellip; <a href=\"https:\/\/www.club-ateliers-artistes.com\/?page_id=1795\">Continuer la lecture <span class=\"meta-nav\">&rarr;<\/span><\/a><\/p>\n","protected":false},"author":5,"featured_media":0,"parent":0,"menu_order":0,"comment_status":"closed","ping_status":"closed","template":"","meta":{"footnotes":""},"class_list":["post-1795","page","type-page","status-publish","hentry"],"yoast_head":"<!-- This site is optimized with the Yoast SEO plugin v27.4 - https:\/\/yoast.com\/product\/yoast-seo-wordpress\/ -->\n<title>Formule annuelle d&#039;exposition \u00e0 la Baule - Le Club des Ateliers d&#039;artistes<\/title>\n<meta name=\"robots\" content=\"index, follow, max-snippet:-1, max-image-preview:large, max-video-preview:-1\" \/>\n<link rel=\"canonical\" href=\"https:\/\/www.club-ateliers-artistes.com\/?page_id=1795\" \/>\n<meta property=\"og:locale\" content=\"fr_FR\" \/>\n<meta property=\"og:type\" content=\"article\" \/>\n<meta property=\"og:title\" content=\"Formule annuelle d&#039;exposition \u00e0 la Baule - Le Club des Ateliers d&#039;artistes\" \/>\n<meta property=\"og:description\" content=\"Dans un contexte \u00e9conomique fragilis\u00e9 et face \u00e0 la concentration du march\u00e9 de l\u2019art, rester isol\u00e9 devient un risque. Le Club des Ateliers d\u2019Artistes est n\u00e9 d\u2019une conviction simple : l\u2019union est aujourd\u2019hui une n\u00e9cessit\u00e9 pour d\u00e9fendre la cr\u00e9ation et &hellip; Continuer la lecture &rarr;\" \/>\n<meta property=\"og:url\" content=\"https:\/\/www.club-ateliers-artistes.com\/?page_id=1795\" \/>\n<meta property=\"og:site_name\" content=\"Le Club des Ateliers d&#039;artistes\" \/>\n<meta property=\"article:modified_time\" content=\"2026-01-02T14:25:27+00:00\" \/>\n<meta property=\"og:image\" content=\"https:\/\/www.club-ateliers-artistes.com\/wp-content\/uploads\/2017\/03\/GalerieLaBaule.jpg\" \/>\n\t<meta property=\"og:image:width\" content=\"683\" \/>\n\t<meta property=\"og:image:height\" content=\"168\" \/>\n\t<meta property=\"og:image:type\" content=\"image\/jpeg\" \/>\n<meta name=\"twitter:card\" content=\"summary_large_image\" \/>\n<meta name=\"twitter:label1\" content=\"Dur\u00e9e de lecture estim\u00e9e\" \/>\n\t<meta name=\"twitter:data1\" content=\"2 minutes\" \/>\n<script type=\"application\/ld+json\" class=\"yoast-schema-graph\">{\"@context\":\"https:\\\/\\\/schema.org\",\"@graph\":[{\"@type\":\"WebPage\",\"@id\":\"https:\\\/\\\/www.club-ateliers-artistes.com\\\/?page_id=1795\",\"url\":\"https:\\\/\\\/www.club-ateliers-artistes.com\\\/?page_id=1795\",\"name\":\"Formule annuelle d'exposition \u00e0 la Baule - Le Club des Ateliers d&#039;artistes\",\"isPartOf\":{\"@id\":\"https:\\\/\\\/www.club-ateliers-artistes.com\\\/#website\"},\"primaryImageOfPage\":{\"@id\":\"https:\\\/\\\/www.club-ateliers-artistes.com\\\/?page_id=1795#primaryimage\"},\"image\":{\"@id\":\"https:\\\/\\\/www.club-ateliers-artistes.com\\\/?page_id=1795#primaryimage\"},\"thumbnailUrl\":\"https:\\\/\\\/www.club-ateliers-artistes.com\\\/wp-content\\\/uploads\\\/2017\\\/03\\\/GalerieLaBaule.jpg\",\"datePublished\":\"2017-07-02T13:44:18+00:00\",\"dateModified\":\"2026-01-02T14:25:27+00:00\",\"breadcrumb\":{\"@id\":\"https:\\\/\\\/www.club-ateliers-artistes.com\\\/?page_id=1795#breadcrumb\"},\"inLanguage\":\"fr-FR\",\"potentialAction\":[{\"@type\":\"ReadAction\",\"target\":[\"https:\\\/\\\/www.club-ateliers-artistes.com\\\/?page_id=1795\"]}]},{\"@type\":\"ImageObject\",\"inLanguage\":\"fr-FR\",\"@id\":\"https:\\\/\\\/www.club-ateliers-artistes.com\\\/?page_id=1795#primaryimage\",\"url\":\"https:\\\/\\\/www.club-ateliers-artistes.com\\\/wp-content\\\/uploads\\\/2017\\\/03\\\/GalerieLaBaule.jpg\",\"contentUrl\":\"https:\\\/\\\/www.club-ateliers-artistes.com\\\/wp-content\\\/uploads\\\/2017\\\/03\\\/GalerieLaBaule.jpg\",\"width\":683,\"height\":168},{\"@type\":\"BreadcrumbList\",\"@id\":\"https:\\\/\\\/www.club-ateliers-artistes.com\\\/?page_id=1795#breadcrumb\",\"itemListElement\":[{\"@type\":\"ListItem\",\"position\":1,\"name\":\"Accueil\",\"item\":\"https:\\\/\\\/www.club-ateliers-artistes.com\\\/\"},{\"@type\":\"ListItem\",\"position\":2,\"name\":\"Formule annuelle d&rsquo;exposition \u00e0 la Baule\"}]},{\"@type\":\"WebSite\",\"@id\":\"https:\\\/\\\/www.club-ateliers-artistes.com\\\/#website\",\"url\":\"https:\\\/\\\/www.club-ateliers-artistes.com\\\/\",\"name\":\"Le Club des Ateliers d&#039;artistes\",\"description\":\"Les Expositions Abordables\",\"potentialAction\":[{\"@type\":\"SearchAction\",\"target\":{\"@type\":\"EntryPoint\",\"urlTemplate\":\"https:\\\/\\\/www.club-ateliers-artistes.com\\\/?s={search_term_string}\"},\"query-input\":{\"@type\":\"PropertyValueSpecification\",\"valueRequired\":true,\"valueName\":\"search_term_string\"}}],\"inLanguage\":\"fr-FR\"}]}<\/script>\n<!-- \/ Yoast SEO plugin. -->","yoast_head_json":{"title":"Formule annuelle d'exposition \u00e0 la Baule - Le Club des Ateliers d&#039;artistes","robots":{"index":"index","follow":"follow","max-snippet":"max-snippet:-1","max-image-preview":"max-image-preview:large","max-video-preview":"max-video-preview:-1"},"canonical":"https:\/\/www.club-ateliers-artistes.com\/?page_id=1795","og_locale":"fr_FR","og_type":"article","og_title":"Formule annuelle d'exposition \u00e0 la Baule - Le Club des Ateliers d&#039;artistes","og_description":"Dans un contexte \u00e9conomique fragilis\u00e9 et face \u00e0 la concentration du march\u00e9 de l\u2019art, rester isol\u00e9 devient un risque. Le Club des Ateliers d\u2019Artistes est n\u00e9 d\u2019une conviction simple : l\u2019union est aujourd\u2019hui une n\u00e9cessit\u00e9 pour d\u00e9fendre la cr\u00e9ation et &hellip; Continuer la lecture &rarr;","og_url":"https:\/\/www.club-ateliers-artistes.com\/?page_id=1795","og_site_name":"Le Club des Ateliers d&#039;artistes","article_modified_time":"2026-01-02T14:25:27+00:00","og_image":[{"width":683,"height":168,"url":"https:\/\/www.club-ateliers-artistes.com\/wp-content\/uploads\/2017\/03\/GalerieLaBaule.jpg","type":"image\/jpeg"}],"twitter_card":"summary_large_image","twitter_misc":{"Dur\u00e9e de lecture estim\u00e9e":"2 minutes"},"schema":{"@context":"https:\/\/schema.org","@graph":[{"@type":"WebPage","@id":"https:\/\/www.club-ateliers-artistes.com\/?page_id=1795","url":"https:\/\/www.club-ateliers-artistes.com\/?page_id=1795","name":"Formule annuelle d'exposition \u00e0 la Baule - Le Club des Ateliers d&#039;artistes","isPartOf":{"@id":"https:\/\/www.club-ateliers-artistes.com\/#website"},"primaryImageOfPage":{"@id":"https:\/\/www.club-ateliers-artistes.com\/?page_id=1795#primaryimage"},"image":{"@id":"https:\/\/www.club-ateliers-artistes.com\/?page_id=1795#primaryimage"},"thumbnailUrl":"https:\/\/www.club-ateliers-artistes.com\/wp-content\/uploads\/2017\/03\/GalerieLaBaule.jpg","datePublished":"2017-07-02T13:44:18+00:00","dateModified":"2026-01-02T14:25:27+00:00","breadcrumb":{"@id":"https:\/\/www.club-ateliers-artistes.com\/?page_id=1795#breadcrumb"},"inLanguage":"fr-FR","potentialAction":[{"@type":"ReadAction","target":["https:\/\/www.club-ateliers-artistes.com\/?page_id=1795"]}]},{"@type":"ImageObject","inLanguage":"fr-FR","@id":"https:\/\/www.club-ateliers-artistes.com\/?page_id=1795#primaryimage","url":"https:\/\/www.club-ateliers-artistes.com\/wp-content\/uploads\/2017\/03\/GalerieLaBaule.jpg","contentUrl":"https:\/\/www.club-ateliers-artistes.com\/wp-content\/uploads\/2017\/03\/GalerieLaBaule.jpg","width":683,"height":168},{"@type":"BreadcrumbList","@id":"https:\/\/www.club-ateliers-artistes.com\/?page_id=1795#breadcrumb","itemListElement":[{"@type":"ListItem","position":1,"name":"Accueil","item":"https:\/\/www.club-ateliers-artistes.com\/"},{"@type":"ListItem","position":2,"name":"Formule annuelle d&rsquo;exposition \u00e0 la Baule"}]},{"@type":"WebSite","@id":"https:\/\/www.club-ateliers-artistes.com\/#website","url":"https:\/\/www.club-ateliers-artistes.com\/","name":"Le Club des Ateliers d&#039;artistes","description":"Les Expositions Abordables","potentialAction":[{"@type":"SearchAction","target":{"@type":"EntryPoint","urlTemplate":"https:\/\/www.club-ateliers-artistes.com\/?s={search_term_string}"},"query-input":{"@type":"PropertyValueSpecification","valueRequired":true,"valueName":"search_term_string"}}],"inLanguage":"fr-FR"}]}},"_links":{"self":[{"href":"https:\/\/www.club-ateliers-artistes.com\/index.php?rest_route=\/wp\/v2\/pages\/1795","targetHints":{"allow":["GET"]}}],"collection":[{"href":"https:\/\/www.club-ateliers-artistes.com\/index.php?rest_route=\/wp\/v2\/pages"}],"about":[{"href":"https:\/\/www.club-ateliers-artistes.com\/index.php?rest_route=\/wp\/v2\/types\/page"}],"author":[{"embeddable":true,"href":"https:\/\/www.club-ateliers-artistes.com\/index.php?rest_route=\/wp\/v2\/users\/5"}],"replies":[{"embeddable":true,"href":"https:\/\/www.club-ateliers-artistes.com\/index.php?rest_route=%2Fwp%2Fv2%2Fcomments&post=1795"}],"version-history":[{"count":24,"href":"https:\/\/www.club-ateliers-artistes.com\/index.php?rest_route=\/wp\/v2\/pages\/1795\/revisions"}],"predecessor-version":[{"id":2758,"href":"https:\/\/www.club-ateliers-artistes.com\/index.php?rest_route=\/wp\/v2\/pages\/1795\/revisions\/2758"}],"wp:attachment":[{"href":"https:\/\/www.club-ateliers-artistes.com\/index.php?rest_route=%2Fwp%2Fv2%2Fmedia&parent=1795"}],"curies":[{"name":"wp","href":"https:\/\/api.w.org\/{rel}","templated":true}]}}