{"id":1775,"date":"2017-07-01T11:59:52","date_gmt":"2017-07-01T10:59:52","guid":{"rendered":"http:\/\/www.club-ateliers-artistes.com\/?page_id=1775"},"modified":"2018-10-01T10:39:53","modified_gmt":"2018-10-01T09:39:53","slug":"statut-du-club-et-comite-de-pilotage","status":"publish","type":"page","link":"https:\/\/www.club-ateliers-artistes.com\/?page_id=1775","title":{"rendered":"Statut et financement du Club des Ateliers d&rsquo;Artistes"},"content":{"rendered":"<h3 style=\"text-align: justify;\"><strong>Statut :<\/strong><\/h3>\n<p style=\"text-align: justify;\">Lors de la cr\u00e9ation du Club des Ateliers d&rsquo;Artistes nous avions envisag\u00e9 de\u00a0pendre un statut associatif, mais celui-ci c&rsquo;est av\u00e9r\u00e9 impossible car il ne permettait pas de mettre en place les financements n\u00e9cessaires pour le lancement\u00a0de l&rsquo;activit\u00e9. En effet, la cr\u00e9ation des deux galeries de Paris et de la Baule, qui sont l&rsquo;\u00e9pine dorsale de nos lieux d&rsquo;expositions, a demand\u00e9 un investissement important. Rien que pour la Galerie de La Baule, il a fallu investir plus de cent vingt mille euros, entre la reprise du bail, les travaux, les \u00e9quipements et les agencements.<\/p>\n<p style=\"text-align: justify;\">Nous avons donc d\u00e9cid\u00e9 de fonctionner sous le statut d&rsquo;une Sarl dot\u00e9e d&rsquo;un comit\u00e9 de pilotage consultatif constitu\u00e9 par une dizaine d&rsquo;artistes afin d&rsquo;assurer la transparence de notre fonctionnement.<\/p>\n<h3 style=\"text-align: justify;\"><span style=\"color: #ff0000;\"><strong>Le Financement de l&rsquo;activit\u00e9 :<\/strong><\/span><\/h3>\n<p style=\"text-align: justify;\">Le financement des activit\u00e9s du Club des Ateliers d&rsquo;artistes est bas\u00e9 sur un partage des risques entre les porteurs du projet et les artistes qui b\u00e9n\u00e9ficient des services d&rsquo;exposition.<\/p>\n<p style=\"text-align: justify;\"><strong>Les Investissements<\/strong> r\u00e9alis\u00e9s par le Club ont \u00e9t\u00e9\u00a0financ\u00e9s par les cr\u00e9ateurs (actuellement plus de 142.000 \u20ac comprenant l&rsquo;achat du droit au bail de chacune des deux galeries, les travaux, \u00e9quipements et agencements). Cet investissement sera rembours\u00e9 \u00e0 long terme par la commission de 15% pr\u00e9lev\u00e9e sur la vente des oeuvres.<\/p>\n<p style=\"text-align: justify;\"><strong>Les frais de fonctionnement<\/strong> (loyers des galeries, le prix du stand sur un salon, les frais g\u00e9n\u00e9raux (\u00e9lectricit\u00e9, assurance, vernissages) ainsi que les salaires du personnel qui assure la gestion des expositions sont pay\u00e9s par la participation demand\u00e9e aux artistes pour chaque exposition ou par la cotisation des artistes en <span style=\"text-decoration: underline;\"><span style=\"color: #000000;\"><a style=\"color: #000000; text-decoration: underline;\" href=\"https:\/\/www.club-ateliers-artistes.com\/?page_id=1795\">exposition annualis\u00e9e<\/a><\/span><\/span>.<\/p>\n<p style=\"text-align: justify;\">Aucun dividende n&rsquo;est vers\u00e9 aux associ\u00e9s en fin d&rsquo;ann\u00e9e. Les b\u00e9n\u00e9fices s&rsquo;il y en a sont int\u00e9gralement r\u00e9investis dans les projets, les locaux et les \u00e9quipements des galeries.<\/p>\n<p style=\"text-align: justify;\">\n","protected":false},"excerpt":{"rendered":"<p>Statut : Lors de la cr\u00e9ation du Club des Ateliers d&rsquo;Artistes nous avions envisag\u00e9 de\u00a0pendre un statut associatif, mais celui-ci c&rsquo;est av\u00e9r\u00e9 impossible car il ne permettait pas de mettre en place les financements n\u00e9cessaires pour le lancement\u00a0de l&rsquo;activit\u00e9. En &hellip; <a href=\"https:\/\/www.club-ateliers-artistes.com\/?page_id=1775\">Continuer la lecture <span class=\"meta-nav\">&rarr;<\/span><\/a><\/p>\n","protected":false},"author":5,"featured_media":0,"parent":0,"menu_order":0,"comment_status":"closed","ping_status":"closed","template":"","meta":{"footnotes":""},"class_list":["post-1775","page","type-page","status-publish","hentry"],"yoast_head":"<!-- This site is optimized with the Yoast SEO plugin v27.3 - https:\/\/yoast.com\/product\/yoast-seo-wordpress\/ -->\n<title>Statut et financement du Club des Ateliers d&#039;Artistes - Le Club des Ateliers d&#039;artistes<\/title>\n<meta name=\"robots\" content=\"index, follow, max-snippet:-1, max-image-preview:large, max-video-preview:-1\" \/>\n<link rel=\"canonical\" href=\"https:\/\/www.club-ateliers-artistes.com\/?page_id=1775\" \/>\n<meta property=\"og:locale\" content=\"fr_FR\" \/>\n<meta property=\"og:type\" content=\"article\" \/>\n<meta property=\"og:title\" content=\"Statut et financement du Club des Ateliers d&#039;Artistes - Le Club des Ateliers d&#039;artistes\" \/>\n<meta property=\"og:description\" content=\"Statut : Lors de la cr\u00e9ation du Club des Ateliers d&rsquo;Artistes nous avions envisag\u00e9 de\u00a0pendre un statut associatif, mais celui-ci c&rsquo;est av\u00e9r\u00e9 impossible car il ne permettait pas de mettre en place les financements n\u00e9cessaires pour le lancement\u00a0de l&rsquo;activit\u00e9. En &hellip; Continuer la lecture &rarr;\" \/>\n<meta property=\"og:url\" content=\"https:\/\/www.club-ateliers-artistes.com\/?page_id=1775\" \/>\n<meta property=\"og:site_name\" content=\"Le Club des Ateliers d&#039;artistes\" \/>\n<meta property=\"article:modified_time\" content=\"2018-10-01T09:39:53+00:00\" \/>\n<meta name=\"twitter:card\" content=\"summary_large_image\" \/>\n<meta name=\"twitter:label1\" content=\"Dur\u00e9e de lecture estim\u00e9e\" \/>\n\t<meta name=\"twitter:data1\" content=\"2 minutes\" \/>\n<script type=\"application\/ld+json\" class=\"yoast-schema-graph\">{\"@context\":\"https:\\\/\\\/schema.org\",\"@graph\":[{\"@type\":\"WebPage\",\"@id\":\"https:\\\/\\\/www.club-ateliers-artistes.com\\\/?page_id=1775\",\"url\":\"https:\\\/\\\/www.club-ateliers-artistes.com\\\/?page_id=1775\",\"name\":\"Statut et financement du Club des Ateliers d'Artistes - Le Club des Ateliers d&#039;artistes\",\"isPartOf\":{\"@id\":\"https:\\\/\\\/www.club-ateliers-artistes.com\\\/#website\"},\"datePublished\":\"2017-07-01T10:59:52+00:00\",\"dateModified\":\"2018-10-01T09:39:53+00:00\",\"breadcrumb\":{\"@id\":\"https:\\\/\\\/www.club-ateliers-artistes.com\\\/?page_id=1775#breadcrumb\"},\"inLanguage\":\"fr-FR\",\"potentialAction\":[{\"@type\":\"ReadAction\",\"target\":[\"https:\\\/\\\/www.club-ateliers-artistes.com\\\/?page_id=1775\"]}]},{\"@type\":\"BreadcrumbList\",\"@id\":\"https:\\\/\\\/www.club-ateliers-artistes.com\\\/?page_id=1775#breadcrumb\",\"itemListElement\":[{\"@type\":\"ListItem\",\"position\":1,\"name\":\"Accueil\",\"item\":\"https:\\\/\\\/www.club-ateliers-artistes.com\\\/\"},{\"@type\":\"ListItem\",\"position\":2,\"name\":\"Statut et financement du Club des Ateliers d&rsquo;Artistes\"}]},{\"@type\":\"WebSite\",\"@id\":\"https:\\\/\\\/www.club-ateliers-artistes.com\\\/#website\",\"url\":\"https:\\\/\\\/www.club-ateliers-artistes.com\\\/\",\"name\":\"Le Club des Ateliers d&#039;artistes\",\"description\":\"Les Expositions Abordables\",\"potentialAction\":[{\"@type\":\"SearchAction\",\"target\":{\"@type\":\"EntryPoint\",\"urlTemplate\":\"https:\\\/\\\/www.club-ateliers-artistes.com\\\/?s={search_term_string}\"},\"query-input\":{\"@type\":\"PropertyValueSpecification\",\"valueRequired\":true,\"valueName\":\"search_term_string\"}}],\"inLanguage\":\"fr-FR\"}]}<\/script>\n<!-- \/ Yoast SEO plugin. -->","yoast_head_json":{"title":"Statut et financement du Club des Ateliers d'Artistes - Le Club des Ateliers d&#039;artistes","robots":{"index":"index","follow":"follow","max-snippet":"max-snippet:-1","max-image-preview":"max-image-preview:large","max-video-preview":"max-video-preview:-1"},"canonical":"https:\/\/www.club-ateliers-artistes.com\/?page_id=1775","og_locale":"fr_FR","og_type":"article","og_title":"Statut et financement du Club des Ateliers d'Artistes - Le Club des Ateliers d&#039;artistes","og_description":"Statut : Lors de la cr\u00e9ation du Club des Ateliers d&rsquo;Artistes nous avions envisag\u00e9 de\u00a0pendre un statut associatif, mais celui-ci c&rsquo;est av\u00e9r\u00e9 impossible car il ne permettait pas de mettre en place les financements n\u00e9cessaires pour le lancement\u00a0de l&rsquo;activit\u00e9. En &hellip; Continuer la lecture &rarr;","og_url":"https:\/\/www.club-ateliers-artistes.com\/?page_id=1775","og_site_name":"Le Club des Ateliers d&#039;artistes","article_modified_time":"2018-10-01T09:39:53+00:00","twitter_card":"summary_large_image","twitter_misc":{"Dur\u00e9e de lecture estim\u00e9e":"2 minutes"},"schema":{"@context":"https:\/\/schema.org","@graph":[{"@type":"WebPage","@id":"https:\/\/www.club-ateliers-artistes.com\/?page_id=1775","url":"https:\/\/www.club-ateliers-artistes.com\/?page_id=1775","name":"Statut et financement du Club des Ateliers d'Artistes - Le Club des Ateliers d&#039;artistes","isPartOf":{"@id":"https:\/\/www.club-ateliers-artistes.com\/#website"},"datePublished":"2017-07-01T10:59:52+00:00","dateModified":"2018-10-01T09:39:53+00:00","breadcrumb":{"@id":"https:\/\/www.club-ateliers-artistes.com\/?page_id=1775#breadcrumb"},"inLanguage":"fr-FR","potentialAction":[{"@type":"ReadAction","target":["https:\/\/www.club-ateliers-artistes.com\/?page_id=1775"]}]},{"@type":"BreadcrumbList","@id":"https:\/\/www.club-ateliers-artistes.com\/?page_id=1775#breadcrumb","itemListElement":[{"@type":"ListItem","position":1,"name":"Accueil","item":"https:\/\/www.club-ateliers-artistes.com\/"},{"@type":"ListItem","position":2,"name":"Statut et financement du Club des Ateliers d&rsquo;Artistes"}]},{"@type":"WebSite","@id":"https:\/\/www.club-ateliers-artistes.com\/#website","url":"https:\/\/www.club-ateliers-artistes.com\/","name":"Le Club des Ateliers d&#039;artistes","description":"Les Expositions Abordables","potentialAction":[{"@type":"SearchAction","target":{"@type":"EntryPoint","urlTemplate":"https:\/\/www.club-ateliers-artistes.com\/?s={search_term_string}"},"query-input":{"@type":"PropertyValueSpecification","valueRequired":true,"valueName":"search_term_string"}}],"inLanguage":"fr-FR"}]}},"_links":{"self":[{"href":"https:\/\/www.club-ateliers-artistes.com\/index.php?rest_route=\/wp\/v2\/pages\/1775","targetHints":{"allow":["GET"]}}],"collection":[{"href":"https:\/\/www.club-ateliers-artistes.com\/index.php?rest_route=\/wp\/v2\/pages"}],"about":[{"href":"https:\/\/www.club-ateliers-artistes.com\/index.php?rest_route=\/wp\/v2\/types\/page"}],"author":[{"embeddable":true,"href":"https:\/\/www.club-ateliers-artistes.com\/index.php?rest_route=\/wp\/v2\/users\/5"}],"replies":[{"embeddable":true,"href":"https:\/\/www.club-ateliers-artistes.com\/index.php?rest_route=%2Fwp%2Fv2%2Fcomments&post=1775"}],"version-history":[{"count":34,"href":"https:\/\/www.club-ateliers-artistes.com\/index.php?rest_route=\/wp\/v2\/pages\/1775\/revisions"}],"predecessor-version":[{"id":2400,"href":"https:\/\/www.club-ateliers-artistes.com\/index.php?rest_route=\/wp\/v2\/pages\/1775\/revisions\/2400"}],"wp:attachment":[{"href":"https:\/\/www.club-ateliers-artistes.com\/index.php?rest_route=%2Fwp%2Fv2%2Fmedia&parent=1775"}],"curies":[{"name":"wp","href":"https:\/\/api.w.org\/{rel}","templated":true}]}}